{"id":81,"date":"2020-02-02T19:38:43","date_gmt":"2020-02-02T18:38:43","guid":{"rendered":"http:\/\/www.psychologie-froehlich.at\/?page_id=81"},"modified":"2022-12-12T17:29:25","modified_gmt":"2022-12-12T16:29:25","slug":"therapeutisches-klettern","status":"publish","type":"page","link":"https:\/\/www.psychologie-froehlich.at\/?page_id=81","title":{"rendered":"Therapeutisches Klettern"},"content":{"rendered":"<h1>Therapeutisches Klettern<\/h1>\n<h3><b>Therapeutisches Klettern<\/b> im psychologischen Bereich bietet Unterst\u00fctzung bei der Bew\u00e4ltigung psychischer Probleme und Leidenszust\u00e4nde mittels einer <b>erlebnisorientierten Methode<\/b>. <\/h3>\n<p>\t\t\t<svg xmlns=\"http:\/\/www.w3.org\/2000\/svg\" viewBox=\"0 0 81.1 90.9\"><defs><\/p>\n<style>.cls-1{fill:#efa544;}<\/style>\n<p><\/defs><title>aldus<\/title><g id=\"Ebene_2\" data-name=\"Ebene 2\"><g id=\"&#x421;&#x43B;&#x43E;&#x439;_1\" data-name=\"&#x421;&#x43B;&#x43E;&#x439; 1\"><path d=\"M64.3,75.3c-13.5,4.8-21,15.6-30.9,15.6-6.9,0-13.2-3.9-13.2-10.2,0-4,2.4-7.5,6.9-7.5a5.87,5.87,0,0,1,5.7,5.55c0,2.55-1.35,3.45-1.35,5.4,0,1.5,1.35,2.4,3.45,2.4,3.9,0,7.65-4.65,7.65-8.85s-3.3-8.1-6.3-12.75c-2.4-3.6-4.65-7.65-4.65-12.3,0-6.9,4.8-12.6,12.15-12.6a13.82,13.82,0,0,1,11.7,6.6c1.8-2,2.85-6.9,2.55-11.25a7.29,7.29,0,0,1-1.8.15,21.6,21.6,0,0,1-19-11.7,22.85,22.85,0,0,1-2.25,2c-2.85,2.25-6.75,4.35-13.65,4.35C9.1,30.15,2.05,22.5.1,15.6A2.07,2.07,0,0,1,4,14.25c1.35,3.15,4,6.3,10.35,6.3,4.5,0,7.65-2,10.35-3.75,3.15-2.25,6.45-4.95,12.15-4.95a25.35,25.35,0,0,1,24.6,18.9,12.08,12.08,0,0,0,8.7-11.55c0-3.9-2.25-5.85-5.1-6.75s-5.4-2.85-5.4-6.6S62.65,0,66.25,0c6.9,0,11.7,6.9,11.7,13.8A22.37,22.37,0,0,1,62,34.8,28.44,28.44,0,0,1,60.4,46.5a13.71,13.71,0,0,1,8.1-2.55c6.9,0,12.6,5.85,12.6,13.2C81.1,66.9,74.5,71.7,64.3,75.3ZM44.65,19a5.92,5.92,0,0,0-4.5,2,17.54,17.54,0,0,0,16,10.5h1.35C55.9,24.75,50,19,44.65,19Z\"><\/path><\/g><\/g><\/svg><br \/>\n\t\t\t\t\t\t\t\t\t\t<img decoding=\"async\" src=\"https:\/\/www.psychologie-froehlich.at\/wp-content\/uploads\/elementor\/thumbs\/KLETTERN-oozodegqvoisobqawi2is6jnydy8fufcuujnz5u7h4.jpg\" title=\"KLETTERN\" alt=\"KLETTERN\" \/>\t\t\t\t\t\t\t\t\t\t\t<\/p>\n<h2>M\u00f6gliche Ziele des therapeutischen Kletterns<\/h2>\n<ul>\n<li >\n\t\t\t\t\t\t\t\t\t\tEigene St\u00e4rken erkennen\n\t\t\t\t\t\t\t\t\t<\/li>\n<li >\n\t\t\t\t\t\t\t\t\t\tSelbstwahrnehmung verbessern\n\t\t\t\t\t\t\t\t\t<\/li>\n<li >\n\t\t\t\t\t\t\t\t\t\tUmgang mit eigenen Grenzen verbessern\n\t\t\t\t\t\t\t\t\t<\/li>\n<li >\n\t\t\t\t\t\t\t\t\t\tErkennen der eigenen Bed\u00fcrfnisse\n\t\t\t\t\t\t\t\t\t<\/li>\n<li >\n\t\t\t\t\t\t\t\t\t\tSt\u00e4rkung der Abgrenzungsf\u00e4higkeit\n\t\t\t\t\t\t\t\t\t<\/li>\n<li >\n\t\t\t\t\t\t\t\t\t\tSelbstvertrauen und Selbstbewusstsein st\u00e4rken\n\t\t\t\t\t\t\t\t\t<\/li>\n<li >\n\t\t\t\t\t\t\t\t\t\tUmgang mit \u00c4ngsten\n\t\t\t\t\t\t\t\t\t<\/li>\n<li >\n\t\t\t\t\t\t\t\t\t\tSpa\u00df an der Bewegung\n\t\t\t\t\t\t\t\t\t<\/li>\n<\/ul>\n<p>St\u00fcck f\u00fcr St\u00fcck k\u00f6nnen neue Ziele gesetzt und so gedankliche Barrieren \u00fcberwunden werden. \u00dcber konkrete Aufgabenstellungen an der Kletterwand werden Selbstvertrauen und K\u00f6rperbewusstsein gef\u00f6rdert, \u00c4ngste \u00fcberwunden sowie ein achtsamer Umgang mit sich und dem eigenen K\u00f6rper geschult. <\/p>\n<p>Klettern auf Basis einer psychologischen Behandlung ist kein Sport im eigentlichen Sinne. Ziel ist nicht die sportliche Leistung, sondern die Behandlung psychischer Fragestellung mithilfe des Mediums Klettern. <\/p>\n<h1>Alle Hindernisse und Schwierigkeiten \u2028sind Stufen, auf denen wir \u2028in die H\u00f6he steigen.<\/h1>\n<p>Weitere Angebote und Leistungen\u200b<\/p>\n<h2>Klinisch-psychologische Behandlung<\/h2>\n<p>Die klinisch-psychologische Behandlung kann Ihnen dabei Unterst\u00fctzung bieten, einen Weg aus der Krise zu finden und Ihre Bed\u00fcrfnisse, St\u00e4rken und Ressourcen wieder zu entdecken.<\/p>\n<p>\t\t\t<a href=\"http:\/\/www.psychologie-froehlich.at\/?page_id=79\" role=\"button\"><br \/>\n\t\t\t\t\t\tMehr erfahren<br \/>\n\t\t\t\t\t<\/a><\/p>\n<h2>Klinisch-psychologische Diagnostik\u200b<br \/>\n<\/h2>\n<p>Wenn es darum geht, ausl\u00f6sende Faktoren, L\u00f6sungsm\u00f6glichkeiten und Ressourcen bei bestehenden Problembereichen genauer unter die Lupe zu nehmen, um zielgerichtete Behandlungs- und Bew\u00e4ltigungsm\u00f6glichkeiten zu erarbeiten, bietet die klinisch-psychologische Diagnostik einen hilfreichen Zugang.<\/p>\n<p>\t\t\t<a href=\"https:\/\/www.psychologie-froehlich.at\/?page_id=357\" role=\"button\"><br \/>\n\t\t\t\t\t\tMehr erfahren<br \/>\n\t\t\t\t\t<\/a><\/p>\n<h1>Psychologische Gutachten<br \/>\n<\/h1>\n<h3>Zu bestimmten Fragestellungen ist es notwendig ein psychologisches Gutachten vorzulegen. Ich biete diese f\u00fcr die Bereiche <b>Adipositaschirurgie<\/b> und f\u00fcr die <b>Zulassung zur Ausbildung Klinische Psychologie und Gesundheitspsychologie<\/b> an.<\/h3>\n<p>\t\t\t<a href=\"https:\/\/www.psychologie-froehlich.at\/?page_id=475\" role=\"button\"><br \/>\n\t\t\t\t\t\tMehr erfahren<br \/>\n\t\t\t\t\t<\/a><\/p>\n<h2>Termin vereinbaren<\/h2>\n<p>Telefonisch oder via E-Mail unter:<br \/>0681\/817 502 18 | <a href=\"mailto:praxis@psychologie-froehlich.at\">praxis@psychologie-froehlich.at <\/a><\/p>\n<p><em>Leopold-Werndl-Stra\u00dfe 18 4400Steyr | <a href=\"https:\/\/goo.gl\/maps\/2X1YpJr41EQ8hghD7\" target=\"_blank\" rel=\"noopener noreferrer\">maps<\/a><\/em><\/p>\n","protected":false},"excerpt":{"rendered":"<p>Therapeutisches Klettern Therapeutisches Klettern im psychologischen Bereich bietet Unterst\u00fctzung bei [&hellip;]<\/p>\n","protected":false},"author":1,"featured_media":0,"parent":0,"menu_order":0,"comment_status":"closed","ping_status":"closed","template":"","meta":{"_monsterinsights_skip_tracking":false,"_monsterinsights_sitenote_active":false,"_monsterinsights_sitenote_note":"","_monsterinsights_sitenote_category":0,"footnotes":""},"yoast_head":"<!-- This site is optimized with the Yoast SEO plugin v22.5 - https:\/\/yoast.com\/wordpress\/plugins\/seo\/ -->\n<title>Therapeutisches Klettern - Psychologie Lisa Fr\u00f6hlich<\/title>\n<meta name=\"description\" content=\"Therapeutisches Klettern im psychologischen Bereich bietet Unterst\u00fctzung bei der Bew\u00e4ltigung psychischer Probleme und Leidenszust\u00e4nde mittels einer erlebnisorientierten Methode.\" \/>\n<meta name=\"robots\" content=\"index, follow, max-snippet:-1, max-image-preview:large, max-video-preview:-1\" \/>\n<link rel=\"canonical\" href=\"https:\/\/www.psychologie-froehlich.at\/?page_id=81\" \/>\n<meta property=\"og:locale\" content=\"de_DE\" \/>\n<meta property=\"og:type\" content=\"article\" \/>\n<meta property=\"og:title\" content=\"Therapeutisches Klettern - Psychologie Lisa Fr\u00f6hlich\" \/>\n<meta property=\"og:description\" content=\"Therapeutisches Klettern im psychologischen Bereich bietet Unterst\u00fctzung bei der Bew\u00e4ltigung psychischer Probleme und Leidenszust\u00e4nde mittels einer erlebnisorientierten Methode.\" \/>\n<meta property=\"og:url\" content=\"https:\/\/www.psychologie-froehlich.at\/?page_id=81\" \/>\n<meta property=\"og:site_name\" content=\"Psychologie Lisa Fr\u00f6hlich\" \/>\n<meta property=\"article:modified_time\" content=\"2022-12-12T16:29:25+00:00\" \/>\n<meta property=\"og:image\" content=\"https:\/\/www.psychologie-froehlich.at\/wp-content\/uploads\/elementor\/thumbs\/KLETTERN-oozodegqvoisobqawi2is6jnydy8fufcuujnz5u7h4.jpg\" \/>\n<meta name=\"twitter:card\" content=\"summary_large_image\" \/>\n<meta name=\"twitter:label1\" content=\"Gesch\u00e4tzte Lesezeit\" \/>\n\t<meta name=\"twitter:data1\" content=\"1\u00a0Minute\" \/>\n<script type=\"application\/ld+json\" class=\"yoast-schema-graph\">{\"@context\":\"https:\/\/schema.org\",\"@graph\":[{\"@type\":\"WebPage\",\"@id\":\"https:\/\/www.psychologie-froehlich.at\/?page_id=81\",\"url\":\"https:\/\/www.psychologie-froehlich.at\/?page_id=81\",\"name\":\"Therapeutisches Klettern - Psychologie Lisa Fr\u00f6hlich\",\"isPartOf\":{\"@id\":\"https:\/\/www.psychologie-froehlich.at\/#website\"},\"primaryImageOfPage\":{\"@id\":\"https:\/\/www.psychologie-froehlich.at\/?page_id=81#primaryimage\"},\"image\":{\"@id\":\"https:\/\/www.psychologie-froehlich.at\/?page_id=81#primaryimage\"},\"thumbnailUrl\":\"https:\/\/www.psychologie-froehlich.at\/wp-content\/uploads\/elementor\/thumbs\/KLETTERN-oozodegqvoisobqawi2is6jnydy8fufcuujnz5u7h4.jpg\",\"datePublished\":\"2020-02-02T18:38:43+00:00\",\"dateModified\":\"2022-12-12T16:29:25+00:00\",\"description\":\"Therapeutisches Klettern im psychologischen Bereich bietet Unterst\u00fctzung bei der Bew\u00e4ltigung psychischer Probleme und Leidenszust\u00e4nde mittels einer erlebnisorientierten Methode.\",\"breadcrumb\":{\"@id\":\"https:\/\/www.psychologie-froehlich.at\/?page_id=81#breadcrumb\"},\"inLanguage\":\"de\",\"potentialAction\":[{\"@type\":\"ReadAction\",\"target\":[\"https:\/\/www.psychologie-froehlich.at\/?page_id=81\"]}]},{\"@type\":\"ImageObject\",\"inLanguage\":\"de\",\"@id\":\"https:\/\/www.psychologie-froehlich.at\/?page_id=81#primaryimage\",\"url\":\"https:\/\/www.psychologie-froehlich.at\/wp-content\/uploads\/elementor\/thumbs\/KLETTERN-oozodegqvoisobqawi2is6jnydy8fufcuujnz5u7h4.jpg\",\"contentUrl\":\"https:\/\/www.psychologie-froehlich.at\/wp-content\/uploads\/elementor\/thumbs\/KLETTERN-oozodegqvoisobqawi2is6jnydy8fufcuujnz5u7h4.jpg\"},{\"@type\":\"BreadcrumbList\",\"@id\":\"https:\/\/www.psychologie-froehlich.at\/?page_id=81#breadcrumb\",\"itemListElement\":[{\"@type\":\"ListItem\",\"position\":1,\"name\":\"Startseite\",\"item\":\"https:\/\/www.psychologie-froehlich.at\/\"},{\"@type\":\"ListItem\",\"position\":2,\"name\":\"Therapeutisches Klettern\"}]},{\"@type\":\"WebSite\",\"@id\":\"https:\/\/www.psychologie-froehlich.at\/#website\",\"url\":\"https:\/\/www.psychologie-froehlich.at\/\",\"name\":\"Psychologie Lisa Fr\u00f6hlich\",\"description\":\"Psychologie Lisa Fr\u00f6hlich\",\"potentialAction\":[{\"@type\":\"SearchAction\",\"target\":{\"@type\":\"EntryPoint\",\"urlTemplate\":\"https:\/\/www.psychologie-froehlich.at\/?s={search_term_string}\"},\"query-input\":\"required name=search_term_string\"}],\"inLanguage\":\"de\"}]}<\/script>\n<!-- \/ Yoast SEO plugin. -->","yoast_head_json":{"title":"Therapeutisches Klettern - Psychologie Lisa Fr\u00f6hlich","description":"Therapeutisches Klettern im psychologischen Bereich bietet Unterst\u00fctzung bei der Bew\u00e4ltigung psychischer Probleme und Leidenszust\u00e4nde mittels einer erlebnisorientierten Methode.","robots":{"index":"index","follow":"follow","max-snippet":"max-snippet:-1","max-image-preview":"max-image-preview:large","max-video-preview":"max-video-preview:-1"},"canonical":"https:\/\/www.psychologie-froehlich.at\/?page_id=81","og_locale":"de_DE","og_type":"article","og_title":"Therapeutisches Klettern - Psychologie Lisa Fr\u00f6hlich","og_description":"Therapeutisches Klettern im psychologischen Bereich bietet Unterst\u00fctzung bei der Bew\u00e4ltigung psychischer Probleme und Leidenszust\u00e4nde mittels einer erlebnisorientierten Methode.","og_url":"https:\/\/www.psychologie-froehlich.at\/?page_id=81","og_site_name":"Psychologie Lisa Fr\u00f6hlich","article_modified_time":"2022-12-12T16:29:25+00:00","og_image":[{"url":"https:\/\/www.psychologie-froehlich.at\/wp-content\/uploads\/elementor\/thumbs\/KLETTERN-oozodegqvoisobqawi2is6jnydy8fufcuujnz5u7h4.jpg"}],"twitter_card":"summary_large_image","twitter_misc":{"Gesch\u00e4tzte Lesezeit":"1\u00a0Minute"},"schema":{"@context":"https:\/\/schema.org","@graph":[{"@type":"WebPage","@id":"https:\/\/www.psychologie-froehlich.at\/?page_id=81","url":"https:\/\/www.psychologie-froehlich.at\/?page_id=81","name":"Therapeutisches Klettern - Psychologie Lisa Fr\u00f6hlich","isPartOf":{"@id":"https:\/\/www.psychologie-froehlich.at\/#website"},"primaryImageOfPage":{"@id":"https:\/\/www.psychologie-froehlich.at\/?page_id=81#primaryimage"},"image":{"@id":"https:\/\/www.psychologie-froehlich.at\/?page_id=81#primaryimage"},"thumbnailUrl":"https:\/\/www.psychologie-froehlich.at\/wp-content\/uploads\/elementor\/thumbs\/KLETTERN-oozodegqvoisobqawi2is6jnydy8fufcuujnz5u7h4.jpg","datePublished":"2020-02-02T18:38:43+00:00","dateModified":"2022-12-12T16:29:25+00:00","description":"Therapeutisches Klettern im psychologischen Bereich bietet Unterst\u00fctzung bei der Bew\u00e4ltigung psychischer Probleme und Leidenszust\u00e4nde mittels einer erlebnisorientierten Methode.","breadcrumb":{"@id":"https:\/\/www.psychologie-froehlich.at\/?page_id=81#breadcrumb"},"inLanguage":"de","potentialAction":[{"@type":"ReadAction","target":["https:\/\/www.psychologie-froehlich.at\/?page_id=81"]}]},{"@type":"ImageObject","inLanguage":"de","@id":"https:\/\/www.psychologie-froehlich.at\/?page_id=81#primaryimage","url":"https:\/\/www.psychologie-froehlich.at\/wp-content\/uploads\/elementor\/thumbs\/KLETTERN-oozodegqvoisobqawi2is6jnydy8fufcuujnz5u7h4.jpg","contentUrl":"https:\/\/www.psychologie-froehlich.at\/wp-content\/uploads\/elementor\/thumbs\/KLETTERN-oozodegqvoisobqawi2is6jnydy8fufcuujnz5u7h4.jpg"},{"@type":"BreadcrumbList","@id":"https:\/\/www.psychologie-froehlich.at\/?page_id=81#breadcrumb","itemListElement":[{"@type":"ListItem","position":1,"name":"Startseite","item":"https:\/\/www.psychologie-froehlich.at\/"},{"@type":"ListItem","position":2,"name":"Therapeutisches Klettern"}]},{"@type":"WebSite","@id":"https:\/\/www.psychologie-froehlich.at\/#website","url":"https:\/\/www.psychologie-froehlich.at\/","name":"Psychologie Lisa Fr\u00f6hlich","description":"Psychologie Lisa Fr\u00f6hlich","potentialAction":[{"@type":"SearchAction","target":{"@type":"EntryPoint","urlTemplate":"https:\/\/www.psychologie-froehlich.at\/?s={search_term_string}"},"query-input":"required name=search_term_string"}],"inLanguage":"de"}]}},"_links":{"self":[{"href":"https:\/\/www.psychologie-froehlich.at\/index.php?rest_route=\/wp\/v2\/pages\/81"}],"collection":[{"href":"https:\/\/www.psychologie-froehlich.at\/index.php?rest_route=\/wp\/v2\/pages"}],"about":[{"href":"https:\/\/www.psychologie-froehlich.at\/index.php?rest_route=\/wp\/v2\/types\/page"}],"author":[{"embeddable":true,"href":"https:\/\/www.psychologie-froehlich.at\/index.php?rest_route=\/wp\/v2\/users\/1"}],"replies":[{"embeddable":true,"href":"https:\/\/www.psychologie-froehlich.at\/index.php?rest_route=%2Fwp%2Fv2%2Fcomments&post=81"}],"version-history":[{"count":46,"href":"https:\/\/www.psychologie-froehlich.at\/index.php?rest_route=\/wp\/v2\/pages\/81\/revisions"}],"predecessor-version":[{"id":634,"href":"https:\/\/www.psychologie-froehlich.at\/index.php?rest_route=\/wp\/v2\/pages\/81\/revisions\/634"}],"wp:attachment":[{"href":"https:\/\/www.psychologie-froehlich.at\/index.php?rest_route=%2Fwp%2Fv2%2Fmedia&parent=81"}],"curies":[{"name":"wp","href":"https:\/\/api.w.org\/{rel}","templated":true}]}}