{"id":79,"date":"2020-02-02T19:38:43","date_gmt":"2020-02-02T18:38:43","guid":{"rendered":"http:\/\/www.psychologie-froehlich.at\/?page_id=79"},"modified":"2024-03-27T17:56:05","modified_gmt":"2024-03-27T16:56:05","slug":"klinisch-psychologische-behandlung","status":"publish","type":"page","link":"https:\/\/www.psychologie-froehlich.at\/?page_id=79","title":{"rendered":"Klinisch-psychologische Behandlung"},"content":{"rendered":"<h1>Klinisch-psychologische Behandlung<\/h1>\n<h3>Die <b>klinisch-psychologische Behandlung<\/b> hat zum Ziel, psychische St\u00f6rungen bzw. Leidenszust\u00e4nde zu lindern oder zu beseitigen, sowie Menschen darin zu unterst\u00fctzen, Belastungen und Krisen besser bew\u00e4ltigen zu k\u00f6nnen, um ihre Lebensqualit\u00e4t zu steigern.<\/h3>\n<p>\t\t\t<svg xmlns=\"http:\/\/www.w3.org\/2000\/svg\" viewBox=\"0 0 81.1 90.9\"><defs><\/p>\n<style>.cls-1{fill:#efa544;}<\/style>\n<p><\/defs><title>aldus<\/title><g id=\"Ebene_2\" data-name=\"Ebene 2\"><g id=\"&#x421;&#x43B;&#x43E;&#x439;_1\" data-name=\"&#x421;&#x43B;&#x43E;&#x439; 1\"><path d=\"M64.3,75.3c-13.5,4.8-21,15.6-30.9,15.6-6.9,0-13.2-3.9-13.2-10.2,0-4,2.4-7.5,6.9-7.5a5.87,5.87,0,0,1,5.7,5.55c0,2.55-1.35,3.45-1.35,5.4,0,1.5,1.35,2.4,3.45,2.4,3.9,0,7.65-4.65,7.65-8.85s-3.3-8.1-6.3-12.75c-2.4-3.6-4.65-7.65-4.65-12.3,0-6.9,4.8-12.6,12.15-12.6a13.82,13.82,0,0,1,11.7,6.6c1.8-2,2.85-6.9,2.55-11.25a7.29,7.29,0,0,1-1.8.15,21.6,21.6,0,0,1-19-11.7,22.85,22.85,0,0,1-2.25,2c-2.85,2.25-6.75,4.35-13.65,4.35C9.1,30.15,2.05,22.5.1,15.6A2.07,2.07,0,0,1,4,14.25c1.35,3.15,4,6.3,10.35,6.3,4.5,0,7.65-2,10.35-3.75,3.15-2.25,6.45-4.95,12.15-4.95a25.35,25.35,0,0,1,24.6,18.9,12.08,12.08,0,0,0,8.7-11.55c0-3.9-2.25-5.85-5.1-6.75s-5.4-2.85-5.4-6.6S62.65,0,66.25,0c6.9,0,11.7,6.9,11.7,13.8A22.37,22.37,0,0,1,62,34.8,28.44,28.44,0,0,1,60.4,46.5a13.71,13.71,0,0,1,8.1-2.55c6.9,0,12.6,5.85,12.6,13.2C81.1,66.9,74.5,71.7,64.3,75.3ZM44.65,19a5.92,5.92,0,0,0-4.5,2,17.54,17.54,0,0,0,16,10.5h1.35C55.9,24.75,50,19,44.65,19Z\"><\/path><\/g><\/g><\/svg><br \/>\n\t\t\t\t\t\t\t\t\t\t<img loading=\"lazy\" decoding=\"async\" width=\"800\" height=\"990\" src=\"https:\/\/www.psychologie-froehlich.at\/wp-content\/uploads\/2020\/05\/img_behandlung_klinisch_v2-1-800x990.jpg\" alt=\"\" srcset=\"https:\/\/www.psychologie-froehlich.at\/wp-content\/uploads\/2020\/05\/img_behandlung_klinisch_v2-1-200x247.jpg 200w, https:\/\/www.psychologie-froehlich.at\/wp-content\/uploads\/2020\/05\/img_behandlung_klinisch_v2-1-242x300.jpg 242w, https:\/\/www.psychologie-froehlich.at\/wp-content\/uploads\/2020\/05\/img_behandlung_klinisch_v2-1-400x495.jpg 400w, https:\/\/www.psychologie-froehlich.at\/wp-content\/uploads\/2020\/05\/img_behandlung_klinisch_v2-1-600x742.jpg 600w, https:\/\/www.psychologie-froehlich.at\/wp-content\/uploads\/2020\/05\/img_behandlung_klinisch_v2-1-768x950.jpg 768w, https:\/\/www.psychologie-froehlich.at\/wp-content\/uploads\/2020\/05\/img_behandlung_klinisch_v2-1-800x990.jpg 800w, https:\/\/www.psychologie-froehlich.at\/wp-content\/uploads\/2020\/05\/img_behandlung_klinisch_v2-1-828x1024.jpg 828w, https:\/\/www.psychologie-froehlich.at\/wp-content\/uploads\/2020\/05\/img_behandlung_klinisch_v2-1-1200x1485.jpg 1200w, https:\/\/www.psychologie-froehlich.at\/wp-content\/uploads\/2020\/05\/img_behandlung_klinisch_v2-1.jpg 1230w\" sizes=\"(max-width: 800px) 100vw, 800px\" \/>\t\t\t\t\t\t\t\t\t\t\t<\/p>\n<h2>Wann kann klinisch-psychologische Behandlung helfen?<\/h2>\n<p>Klinisch-psychologische Behandlung bietet professionelle Unterst\u00fctzung bei der Bew\u00e4ltigung von psychischen, sozialen und k\u00f6rperlichen Beeintr\u00e4chtigungen. Klinisch-psychologische Behandlung kann beispielsweise helfen bei:<\/p>\n<ul>\n<li >\n\t\t\t\t\t\t\t\t\t\tDepressionen und Burnout\n\t\t\t\t\t\t\t\t\t<\/li>\n<li >\n\t\t\t\t\t\t\t\t\t\tAngst und Panikst\u00f6rungen\n\t\t\t\t\t\t\t\t\t<\/li>\n<li >\n\t\t\t\t\t\t\t\t\t\t(Chronischen) Schmerzen\n\t\t\t\t\t\t\t\t\t<\/li>\n<li >\n\t\t\t\t\t\t\t\t\t\tSchlafst\u00f6rungen\n\t\t\t\t\t\t\t\t\t<\/li>\n<li >\n\t\t\t\t\t\t\t\t\t\tStress\n\t\t\t\t\t\t\t\t\t<\/li>\n<li >\n\t\t\t\t\t\t\t\t\t\tUmgang mit schwierigen Lebenssituationen und Krisen\n\t\t\t\t\t\t\t\t\t<\/li>\n<li >\n\t\t\t\t\t\t\t\t\t\tAbh\u00e4ngigkeit von Alkohol, Drogen, Nikotin oder anderen S\u00fcchten\n\t\t\t\t\t\t\t\t\t<\/li>\n<li >\n\t\t\t\t\t\t\t\t\t\tSchwierigkeiten im Umgang mit sozialen Situationen\n\t\t\t\t\t\t\t\t\t<\/li>\n<\/ul>\n<h2>Ablauf einer klinisch-psychologischen Behandlung<\/h2>\n<p>Zu Beginn der Behandlung wird ein gemeinsames Ziel definiert, Erwartungen abgekl\u00e4rt und m\u00f6gliche Probleme eingegrenzt, um danach mittels Gespr\u00e4chen, \u00dcbungen und Trainings eine Ver\u00e4nderung in Gang zu setzen. Ein wichtiger Bestandteil der Behandlung ist der Transfer der Behandlungsinhalte in den Alltag und die kontinuierliche Reflexion des Ver\u00e4nderungsprozesses.<\/p>\n<p><b>Klinisch-psychologische Beratung<\/b> und <b>Behandlung<\/b> wird seit J\u00e4nner 2024 durch die gesetzlichen Krankenkassen unterst\u00fctzt und ein <b>Teil der Kosten<\/b> wird <b>refundiert<\/b>.<\/p>\n<p>\t\t\t<a href=\"http:\/\/www.psychologie-froehlich.at\/?page_id=67\" role=\"button\"><br \/>\n\t\t\t\t\t\tErstgespr\u00e4ch vereinbaren<br \/>\n\t\t\t\t\t<\/a><\/p>\n<h2>Klinisch-psychologische Beratung<br \/>\n<\/h2>\n<p>Klinisch-psychologische Beratung\u00a0ist eine <strong>kurzfristige Intervention <\/strong>und\u00a0richtet sich an Personen, die sich in Krisensituationen oder in herausfordernden Entscheidungsprozessen befinden und professionelle Unterst\u00fctzung bei der pers\u00f6nlichen oder beruflichen Weiterentwicklung suchen. In der klinisch-psychologischen Beratung werden individuelle Bew\u00e4ltigungsstrategien und L\u00f6sungen erarbeitet und vorhandene Ressourcen genutzt und weiterentwickelt. Die klinisch-psychologische Beratung umfasst in der Regel drei bis sechs Termine.<\/p>\n<h1>Betrachte einmal die Dinge von einer anderen Seite, als du sie bisher sahst, denn das hei\u00dft ein neues Leben beginnen<\/h1>\n<p>Weitere Angebote und Leistungen\u200b<\/p>\n<h2>Klinisch-psychologische Diagnostik<\/h2>\n<p>Wenn es darum geht, ausl\u00f6sende Faktoren, L\u00f6sungsm\u00f6glichkeiten und Ressourcen bei bestehenden Problembereichen genauer unter die Lupe zu nehmen, um zielgerichtete Behandlungs- und Bew\u00e4ltigungsm\u00f6glichkeiten zu erarbeiten, bietet die klinisch-psychologische Diagnostik einen hilfreichen Zugang.<\/p>\n<p>\t\t\t<a href=\"https:\/\/www.psychologie-froehlich.at\/?page_id=357\" role=\"button\"><br \/>\n\t\t\t\t\t\tMehr erfahren<br \/>\n\t\t\t\t\t<\/a><\/p>\n<h2>Therapeutisches Klettern<\/h2>\n<p>Der Ansatz des therapeutischen Kletterns schafft die M\u00f6glichkeit, gedankliche Barrieren zu \u00fcberwinden, Selbstvertrauen und K\u00f6rperbewusstsein zu f\u00f6rdern und einen besseren Umgang mit \u00c4ngsten zu erlernen.<\/p>\n<p>\t\t\t<a href=\"https:\/\/www.psychologie-froehlich.at\/?page_id=81\" role=\"button\"><br \/>\n\t\t\t\t\t\tMehr erfahren<br \/>\n\t\t\t\t\t<\/a><\/p>\n<h2>Kontaktieren Sie mich<\/h2>\n<p>Telefonisch oder via E-Mail unter:<br \/>0681\/817 502 18 | <a href=\"mailto:praxis@psychologie-froehlich.at\">praxis@psychologie-froehlich.at <\/a><\/p>\n<p><em>Leopold-Werndl-Stra\u00dfe 18<br \/>, 4400Steyr | <a href=\"https:\/\/goo.gl\/maps\/2X1YpJr41EQ8hghD7\" target=\"_blank\" rel=\"noopener noreferrer\">maps<\/a><\/em><\/p>\n","protected":false},"excerpt":{"rendered":"<p>Klinisch-psychologische Behandlung Die klinisch-psychologische Behandlung hat zum Ziel, psychische St\u00f6rungen [&hellip;]<\/p>\n","protected":false},"author":1,"featured_media":0,"parent":0,"menu_order":0,"comment_status":"closed","ping_status":"closed","template":"","meta":{"_monsterinsights_skip_tracking":false,"_monsterinsights_sitenote_active":false,"_monsterinsights_sitenote_note":"","_monsterinsights_sitenote_category":0,"footnotes":""},"yoast_head":"<!-- This site is optimized with the Yoast SEO plugin v22.5 - https:\/\/yoast.com\/wordpress\/plugins\/seo\/ -->\n<title>Klinisch-psychologische Behandlung - Psychologie Lisa Fr\u00f6hlich<\/title>\n<meta name=\"description\" content=\"Die klinisch-psychologische Behandlung hat zum Ziel, psychische St\u00f6rungen bzw. Leidenszust\u00e4nde zu lindern oder zu beseitigen, sowie Menschen darin zu unterst\u00fctzen, Belastungen und Krisen besser bew\u00e4ltigen zu k\u00f6nnen, um ihre Lebensqualit\u00e4t zu steigern.\" \/>\n<meta name=\"robots\" content=\"index, follow, max-snippet:-1, max-image-preview:large, max-video-preview:-1\" \/>\n<link rel=\"canonical\" href=\"https:\/\/www.psychologie-froehlich.at\/?page_id=79\" \/>\n<meta property=\"og:locale\" content=\"de_DE\" \/>\n<meta property=\"og:type\" content=\"article\" \/>\n<meta property=\"og:title\" content=\"Klinisch-psychologische Behandlung - Psychologie Lisa Fr\u00f6hlich\" \/>\n<meta property=\"og:description\" content=\"Die klinisch-psychologische Behandlung hat zum Ziel, psychische St\u00f6rungen bzw. Leidenszust\u00e4nde zu lindern oder zu beseitigen, sowie Menschen darin zu unterst\u00fctzen, Belastungen und Krisen besser bew\u00e4ltigen zu k\u00f6nnen, um ihre Lebensqualit\u00e4t zu steigern.\" \/>\n<meta property=\"og:url\" content=\"https:\/\/www.psychologie-froehlich.at\/?page_id=79\" \/>\n<meta property=\"og:site_name\" content=\"Psychologie Lisa Fr\u00f6hlich\" \/>\n<meta property=\"article:modified_time\" content=\"2024-03-27T16:56:05+00:00\" \/>\n<meta property=\"og:image\" content=\"https:\/\/www.psychologie-froehlich.at\/wp-content\/uploads\/2020\/05\/img_behandlung_klinisch_v2-1-800x990.jpg\" \/>\n<meta name=\"twitter:card\" content=\"summary_large_image\" \/>\n<meta name=\"twitter:label1\" content=\"Gesch\u00e4tzte Lesezeit\" \/>\n\t<meta name=\"twitter:data1\" content=\"2\u00a0Minuten\" \/>\n<script type=\"application\/ld+json\" class=\"yoast-schema-graph\">{\"@context\":\"https:\/\/schema.org\",\"@graph\":[{\"@type\":\"WebPage\",\"@id\":\"https:\/\/www.psychologie-froehlich.at\/?page_id=79\",\"url\":\"https:\/\/www.psychologie-froehlich.at\/?page_id=79\",\"name\":\"Klinisch-psychologische Behandlung - Psychologie Lisa Fr\u00f6hlich\",\"isPartOf\":{\"@id\":\"https:\/\/www.psychologie-froehlich.at\/#website\"},\"primaryImageOfPage\":{\"@id\":\"https:\/\/www.psychologie-froehlich.at\/?page_id=79#primaryimage\"},\"image\":{\"@id\":\"https:\/\/www.psychologie-froehlich.at\/?page_id=79#primaryimage\"},\"thumbnailUrl\":\"https:\/\/www.psychologie-froehlich.at\/wp-content\/uploads\/2020\/05\/img_behandlung_klinisch_v2-1-800x990.jpg\",\"datePublished\":\"2020-02-02T18:38:43+00:00\",\"dateModified\":\"2024-03-27T16:56:05+00:00\",\"description\":\"Die klinisch-psychologische Behandlung hat zum Ziel, psychische St\u00f6rungen bzw. Leidenszust\u00e4nde zu lindern oder zu beseitigen, sowie Menschen darin zu unterst\u00fctzen, Belastungen und Krisen besser bew\u00e4ltigen zu k\u00f6nnen, um ihre Lebensqualit\u00e4t zu steigern.\",\"breadcrumb\":{\"@id\":\"https:\/\/www.psychologie-froehlich.at\/?page_id=79#breadcrumb\"},\"inLanguage\":\"de\",\"potentialAction\":[{\"@type\":\"ReadAction\",\"target\":[\"https:\/\/www.psychologie-froehlich.at\/?page_id=79\"]}]},{\"@type\":\"ImageObject\",\"inLanguage\":\"de\",\"@id\":\"https:\/\/www.psychologie-froehlich.at\/?page_id=79#primaryimage\",\"url\":\"https:\/\/www.psychologie-froehlich.at\/wp-content\/uploads\/2020\/05\/img_behandlung_klinisch_v2-1.jpg\",\"contentUrl\":\"https:\/\/www.psychologie-froehlich.at\/wp-content\/uploads\/2020\/05\/img_behandlung_klinisch_v2-1.jpg\",\"width\":1230,\"height\":1522},{\"@type\":\"BreadcrumbList\",\"@id\":\"https:\/\/www.psychologie-froehlich.at\/?page_id=79#breadcrumb\",\"itemListElement\":[{\"@type\":\"ListItem\",\"position\":1,\"name\":\"Startseite\",\"item\":\"https:\/\/www.psychologie-froehlich.at\/\"},{\"@type\":\"ListItem\",\"position\":2,\"name\":\"Klinisch-psychologische Behandlung\"}]},{\"@type\":\"WebSite\",\"@id\":\"https:\/\/www.psychologie-froehlich.at\/#website\",\"url\":\"https:\/\/www.psychologie-froehlich.at\/\",\"name\":\"Psychologie Lisa Fr\u00f6hlich\",\"description\":\"Psychologie Lisa Fr\u00f6hlich\",\"potentialAction\":[{\"@type\":\"SearchAction\",\"target\":{\"@type\":\"EntryPoint\",\"urlTemplate\":\"https:\/\/www.psychologie-froehlich.at\/?s={search_term_string}\"},\"query-input\":\"required name=search_term_string\"}],\"inLanguage\":\"de\"}]}<\/script>\n<!-- \/ Yoast SEO plugin. -->","yoast_head_json":{"title":"Klinisch-psychologische Behandlung - Psychologie Lisa Fr\u00f6hlich","description":"Die klinisch-psychologische Behandlung hat zum Ziel, psychische St\u00f6rungen bzw. Leidenszust\u00e4nde zu lindern oder zu beseitigen, sowie Menschen darin zu unterst\u00fctzen, Belastungen und Krisen besser bew\u00e4ltigen zu k\u00f6nnen, um ihre Lebensqualit\u00e4t zu steigern.","robots":{"index":"index","follow":"follow","max-snippet":"max-snippet:-1","max-image-preview":"max-image-preview:large","max-video-preview":"max-video-preview:-1"},"canonical":"https:\/\/www.psychologie-froehlich.at\/?page_id=79","og_locale":"de_DE","og_type":"article","og_title":"Klinisch-psychologische Behandlung - Psychologie Lisa Fr\u00f6hlich","og_description":"Die klinisch-psychologische Behandlung hat zum Ziel, psychische St\u00f6rungen bzw. Leidenszust\u00e4nde zu lindern oder zu beseitigen, sowie Menschen darin zu unterst\u00fctzen, Belastungen und Krisen besser bew\u00e4ltigen zu k\u00f6nnen, um ihre Lebensqualit\u00e4t zu steigern.","og_url":"https:\/\/www.psychologie-froehlich.at\/?page_id=79","og_site_name":"Psychologie Lisa Fr\u00f6hlich","article_modified_time":"2024-03-27T16:56:05+00:00","og_image":[{"url":"https:\/\/www.psychologie-froehlich.at\/wp-content\/uploads\/2020\/05\/img_behandlung_klinisch_v2-1-800x990.jpg"}],"twitter_card":"summary_large_image","twitter_misc":{"Gesch\u00e4tzte Lesezeit":"2\u00a0Minuten"},"schema":{"@context":"https:\/\/schema.org","@graph":[{"@type":"WebPage","@id":"https:\/\/www.psychologie-froehlich.at\/?page_id=79","url":"https:\/\/www.psychologie-froehlich.at\/?page_id=79","name":"Klinisch-psychologische Behandlung - Psychologie Lisa Fr\u00f6hlich","isPartOf":{"@id":"https:\/\/www.psychologie-froehlich.at\/#website"},"primaryImageOfPage":{"@id":"https:\/\/www.psychologie-froehlich.at\/?page_id=79#primaryimage"},"image":{"@id":"https:\/\/www.psychologie-froehlich.at\/?page_id=79#primaryimage"},"thumbnailUrl":"https:\/\/www.psychologie-froehlich.at\/wp-content\/uploads\/2020\/05\/img_behandlung_klinisch_v2-1-800x990.jpg","datePublished":"2020-02-02T18:38:43+00:00","dateModified":"2024-03-27T16:56:05+00:00","description":"Die klinisch-psychologische Behandlung hat zum Ziel, psychische St\u00f6rungen bzw. Leidenszust\u00e4nde zu lindern oder zu beseitigen, sowie Menschen darin zu unterst\u00fctzen, Belastungen und Krisen besser bew\u00e4ltigen zu k\u00f6nnen, um ihre Lebensqualit\u00e4t zu steigern.","breadcrumb":{"@id":"https:\/\/www.psychologie-froehlich.at\/?page_id=79#breadcrumb"},"inLanguage":"de","potentialAction":[{"@type":"ReadAction","target":["https:\/\/www.psychologie-froehlich.at\/?page_id=79"]}]},{"@type":"ImageObject","inLanguage":"de","@id":"https:\/\/www.psychologie-froehlich.at\/?page_id=79#primaryimage","url":"https:\/\/www.psychologie-froehlich.at\/wp-content\/uploads\/2020\/05\/img_behandlung_klinisch_v2-1.jpg","contentUrl":"https:\/\/www.psychologie-froehlich.at\/wp-content\/uploads\/2020\/05\/img_behandlung_klinisch_v2-1.jpg","width":1230,"height":1522},{"@type":"BreadcrumbList","@id":"https:\/\/www.psychologie-froehlich.at\/?page_id=79#breadcrumb","itemListElement":[{"@type":"ListItem","position":1,"name":"Startseite","item":"https:\/\/www.psychologie-froehlich.at\/"},{"@type":"ListItem","position":2,"name":"Klinisch-psychologische Behandlung"}]},{"@type":"WebSite","@id":"https:\/\/www.psychologie-froehlich.at\/#website","url":"https:\/\/www.psychologie-froehlich.at\/","name":"Psychologie Lisa Fr\u00f6hlich","description":"Psychologie Lisa Fr\u00f6hlich","potentialAction":[{"@type":"SearchAction","target":{"@type":"EntryPoint","urlTemplate":"https:\/\/www.psychologie-froehlich.at\/?s={search_term_string}"},"query-input":"required name=search_term_string"}],"inLanguage":"de"}]}},"_links":{"self":[{"href":"https:\/\/www.psychologie-froehlich.at\/index.php?rest_route=\/wp\/v2\/pages\/79"}],"collection":[{"href":"https:\/\/www.psychologie-froehlich.at\/index.php?rest_route=\/wp\/v2\/pages"}],"about":[{"href":"https:\/\/www.psychologie-froehlich.at\/index.php?rest_route=\/wp\/v2\/types\/page"}],"author":[{"embeddable":true,"href":"https:\/\/www.psychologie-froehlich.at\/index.php?rest_route=\/wp\/v2\/users\/1"}],"replies":[{"embeddable":true,"href":"https:\/\/www.psychologie-froehlich.at\/index.php?rest_route=%2Fwp%2Fv2%2Fcomments&post=79"}],"version-history":[{"count":35,"href":"https:\/\/www.psychologie-froehlich.at\/index.php?rest_route=\/wp\/v2\/pages\/79\/revisions"}],"predecessor-version":[{"id":639,"href":"https:\/\/www.psychologie-froehlich.at\/index.php?rest_route=\/wp\/v2\/pages\/79\/revisions\/639"}],"wp:attachment":[{"href":"https:\/\/www.psychologie-froehlich.at\/index.php?rest_route=%2Fwp%2Fv2%2Fmedia&parent=79"}],"curies":[{"name":"wp","href":"https:\/\/api.w.org\/{rel}","templated":true}]}}