{"id":540,"date":"2020-06-20T12:40:05","date_gmt":"2020-06-20T10:40:05","guid":{"rendered":"https:\/\/www.psychologie-froehlich.at\/?page_id=540"},"modified":"2024-12-01T20:52:43","modified_gmt":"2024-12-01T19:52:43","slug":"home-2","status":"publish","type":"page","link":"https:\/\/www.psychologie-froehlich.at\/","title":{"rendered":"Home"},"content":{"rendered":"<h1>Eine Reise von 1000 Meilen beginnt mit dem ersten Schritt.<\/h1>\n<h3><b>Herzlich Willkommen<\/b> in meiner psychologischen Praxis.<br \/>\nIn meiner Arbeit steht der Mensch mit seinem pers\u00f6nlichen Anliegen im Vordergrund. Ich freue mich Sie kennen zu lernen und gemeinsam mit Ihnen einen Teil Ihres Weges zu gehen. <\/h3>\n<h2>Klinisch-psychologische Behandlung<\/h2>\n<p>In jeder Schwierigkeit lebt die M\u00f6glichkeit<\/p>\n<p>In meiner Arbeit als klinische Psychologin m\u00f6chte ich Sie dabei unterst\u00fctzen, diese M\u00f6glichkeit zu finden.<\/p>\n<p>Sind Sie gerade in einer Krise?<\/p>\n<ul>\n<li >\n\t\t\t\t\t\t\t\t\t\tF\u00fchlen Sie sich niedergeschlagen und antriebslos?\n\t\t\t\t\t\t\t\t\t<\/li>\n<li >\n\t\t\t\t\t\t\t\t\t\tK\u00f6nnen Sie nicht schlafen?\n\t\t\t\t\t\t\t\t\t<\/li>\n<li >\n\t\t\t\t\t\t\t\t\t\tHaben Sie Angst- und Panikzust\u00e4nde?\n\t\t\t\t\t\t\t\t\t<\/li>\n<li >\n\t\t\t\t\t\t\t\t\t\tLeiden Sie unter Schmerzen?\n\t\t\t\t\t\t\t\t\t<\/li>\n<li >\n\t\t\t\t\t\t\t\t\t\tF\u00fchlen Sie sich gestresst und \u00fcberfordert?\n\t\t\t\t\t\t\t\t\t<\/li>\n<li >\n\t\t\t\t\t\t\t\t\t\tBefinden Sie sich in einer schwierigen beruflichen oder privaten Situation?\n\t\t\t\t\t\t\t\t\t<\/li>\n<\/ul>\n<p>Die klinisch-psychologische Behandlung kann Ihnen dabei Unterst\u00fctzung bieten, einen Weg aus der Krise zu finden.<\/p>\n<p>Der gro\u00dfe Ruhm im Leben liegt nicht darin, nie zu fallen, sondern jedes Mal wieder aufzustehen.<\/p>\n<p>\t\t\t<a href=\"https:\/\/www.psychologie-froehlich.at\/?page_id=79\"><br \/>\n\t\t\t\t\t\t\t\t\t\tZur Behandlung<br \/>\n\t\t\t<\/a><\/p>\n<h2>Klinisch-psychologische Diagnostik<\/h2>\n<p>Wenn es darum geht, ausl\u00f6sende Faktoren, L\u00f6sungsm\u00f6glichkeiten und Ressourcen bei bestehenden Problembereichen genauer unter die Lupe zu nehmen, um zielgerichtete Behandlungs- und Bew\u00e4ltigungsm\u00f6glichkeiten zu erarbeiten, bietet die klinisch-psychologische Diagnostik einen hilfreichen Zugang.<\/p>\n<p>\t\t\t<a href=\"https:\/\/www.psychologie-froehlich.at\/?page_id=357\"><br \/>\n\t\t\t\t\t\t\t\t\t\tMehr erfahren<br \/>\n\t\t\t<\/a><\/p>\n<h2>Therapeutisches Klettern<\/h2>\n<p><em>Wenn<\/em><i> der Kopf nicht mehr weiter wei\u00df, hilft es, den K\u00f6rper zu aktivieren.<\/i><\/p>\n<p>Der Ansatz des therapeutischen Kletterns schafft die M\u00f6glichkeit, gedankliche Barrieren zu \u00fcberwinden, Selbstvertrauen und K\u00f6rperbewusstsein zu f\u00f6rdern und einen besseren Umgang mit \u00c4ngsten zu erlernen.<\/p>\n<p>\t\t\t<a href=\"https:\/\/www.psychologie-froehlich.at\/?page_id=81\"><br \/>\n\t\t\t\t\t\t\t\t\t\tMehr erfahren<br \/>\n\t\t\t<\/a><\/p>\n<h1>Psychologische Gutachten<br \/>\n<\/h1>\n<h3>Zu bestimmten Fragestellungen ist es notwendig ein psychologisches Gutachten vorzulegen. Ich biete diese f\u00fcr die Bereiche <b>Adipositaschirurgie<\/b> und f\u00fcr die <b>Zulassung zur Ausbildung Klinische Psychologie und Gesundheitspsychologie<\/b> an.<\/h3>\n<p>\t\t\t<a href=\"https:\/\/www.psychologie-froehlich.at\/?page_id=475\"><br \/>\n\t\t\t\t\t\t\t\t\t\tMehr erfahren<br \/>\n\t\t\t<\/a><\/p>\n<h2>Allgemeine Informationen<\/h2>\n<h2>Ablauf<\/h2>\n<p>Nach Kontaktaufnahme findet ein unverbindliches Erstgespr\u00e4ch in meiner Praxis statt. Dieses Gespr\u00e4chs dient dem pers\u00f6nlichen Kennenlernen, sowie der Kl\u00e4rung m\u00f6glicher Ziele, Erwartungen und Rahmenbedingungen. <\/p>\n<h2>Kosten<\/h2>\n<p><strong>Klinisch-psychologische Beratung<\/strong> und <strong>Behandlung<\/strong> wird seit J\u00e4nner 2024 durch die gesetzlichen Krankenkassen unterst\u00fctzt und ein <strong>Teil der Kosten<\/strong> wird <strong>refundiert<\/strong>. Auch einige private Zusatzversicherungen \u00fcbernehmen einen Teil der Kosten, informieren Sie sich bitte diesbez\u00fcglich bei Ihrem Versicherungstr\u00e4ger.<\/p>\n<p>Weitere Information zu: <br \/><strong><a href=\"https:\/\/www.psychologie-froehlich.at\/?page_id=402#ablauf-anker\">Absageregelung<\/a> | <a href=\"https:\/\/www.psychologie-froehlich.at\/?page_id=402#schweigepflicht\">Schweigepflicht<\/a> | <a href=\"https:\/\/www.psychologie-froehlich.at\/?page_id=402#schweigepflicht\">Refundierung<\/a><\/strong><\/p>\n<h2>Meine Leistungen<\/h2>\n<p>\t\t<img width=\"768\" height=\"898\" src=\"https:\/\/www.psychologie-froehlich.at\/wp-content\/uploads\/2020\/05\/stilelement_vec_01-768x898.png\" alt=\"\" decoding=\"async\" loading=\"lazy\" srcset=\"https:\/\/www.psychologie-froehlich.at\/wp-content\/uploads\/2020\/05\/stilelement_vec_01-200x234.png 200w, https:\/\/www.psychologie-froehlich.at\/wp-content\/uploads\/2020\/05\/stilelement_vec_01-257x300.png 257w, https:\/\/www.psychologie-froehlich.at\/wp-content\/uploads\/2020\/05\/stilelement_vec_01-400x467.png 400w, https:\/\/www.psychologie-froehlich.at\/wp-content\/uploads\/2020\/05\/stilelement_vec_01-600x701.png 600w, https:\/\/www.psychologie-froehlich.at\/wp-content\/uploads\/2020\/05\/stilelement_vec_01-768x898.png 768w, https:\/\/www.psychologie-froehlich.at\/wp-content\/uploads\/2020\/05\/stilelement_vec_01-800x935.png 800w, https:\/\/www.psychologie-froehlich.at\/wp-content\/uploads\/2020\/05\/stilelement_vec_01-876x1024.png 876w, https:\/\/www.psychologie-froehlich.at\/wp-content\/uploads\/2020\/05\/stilelement_vec_01.png 937w\" sizes=\"(max-width: 768px) 100vw, 768px\" \/><br \/>\n\t\t<img width=\"1\" height=\"1\" src=\"https:\/\/www.psychologie-froehlich.at\/wp-content\/uploads\/2020\/05\/stilelement_vec_01.svg\" alt=\"\" decoding=\"async\" loading=\"lazy\" \/>\t\t<\/p>\n<h1>Auch aus Steinen, die einem in den Weg gelegt werden, kann man Sch\u00f6nes bauen.<\/h1>\n<h2>\u00dcber mich<\/h2>\n<h4>Lisa Fr\u00f6hlich, BSc. MSc.<\/h4>\n<p>Ich bin seit 2015 als Klinische Psychologin und Gesundheitspsychologin t\u00e4tig. Die wesentliche Grundlage meiner Arbeit ist eine annehmende, wertfreie und interessierte Haltung. Ich freue mich \u00fcber ein pers\u00f6nliches Kennenlernen im Zuge eines unverbindlichen Erstgespr\u00e4chs. <\/p>\n<p>\t\t\t<a href=\"https:\/\/www.psychologie-froehlich.at\/?page_id=66\"><br \/>\n\t\t\t\t\t\t\t\t\t\tZu meiner Person<br \/>\n\t\t\t<\/a><br \/>\n\t\t\t\t\t\t<a href=\"https:\/\/www.psychologie-froehlich.at\/?page_id=66\"><br \/>\n\t\t<img width=\"644\" height=\"901\" src=\"https:\/\/www.psychologie-froehlich.at\/wp-content\/uploads\/2020\/06\/img_lisa_froehlich_hoch_v2-1.jpg\" alt=\"\" decoding=\"async\" loading=\"lazy\" srcset=\"https:\/\/www.psychologie-froehlich.at\/wp-content\/uploads\/2020\/06\/img_lisa_froehlich_hoch_v2-1-200x280.jpg 200w, https:\/\/www.psychologie-froehlich.at\/wp-content\/uploads\/2020\/06\/img_lisa_froehlich_hoch_v2-1-214x300.jpg 214w, https:\/\/www.psychologie-froehlich.at\/wp-content\/uploads\/2020\/06\/img_lisa_froehlich_hoch_v2-1-400x560.jpg 400w, https:\/\/www.psychologie-froehlich.at\/wp-content\/uploads\/2020\/06\/img_lisa_froehlich_hoch_v2-1-600x839.jpg 600w, https:\/\/www.psychologie-froehlich.at\/wp-content\/uploads\/2020\/06\/img_lisa_froehlich_hoch_v2-1.jpg 644w\" sizes=\"(max-width: 644px) 100vw, 644px\" \/>\t\t\t\t<\/a><br \/>\n\t\t\t<iframe frameborder=\"0\" scrolling=\"no\" marginheight=\"0\" marginwidth=\"0\" src=\"https:\/\/maps.google.com\/maps?q=Leopold-Werndlstra%C3%9Fe+18&amp;t=m&amp;z=13&amp;output=embed&amp;iwloc=near\"><\/iframe>\t\t<\/p>\n<h2>So erreichen Sie mich<\/h2>\n<p>Telefon: 0681\/817 502 18<br \/>E-Mail: <a href=\"mailto:praxis@psychologie-froehlich.at\">praxis@psychologie-froehlich.at<\/a><\/p>\n<p>Wenn Sie mich telefonisch nicht erreichen, hinterlassen Sie mir bitte eine Nachricht. Ich rufe Sie sobald wie m\u00f6glich zur\u00fcck.<\/p>\n<p>Adresse<br \/>Psychologische Praxis<br \/>Leopold-Werndl-Stra\u00dfe 18<br \/>4400 Steyr<\/p>\n<p>\t\t\t<a href=\"https:\/\/www.psychologie-froehlich.at\/?page_id=67\"><br \/>\n\t\t\t\t\t\t\t\t\t\tKontakt<br \/>\n\t\t\t<\/a><\/p>\n","protected":false},"excerpt":{"rendered":"<p>Eine Reise von 1000 Meilen beginnt mit dem ersten Schritt. [&hellip;]<\/p>\n","protected":false},"author":1,"featured_media":0,"parent":0,"menu_order":0,"comment_status":"closed","ping_status":"closed","template":"","meta":{"_monsterinsights_skip_tracking":false,"_monsterinsights_sitenote_active":false,"_monsterinsights_sitenote_note":"","_monsterinsights_sitenote_category":0,"footnotes":""},"yoast_head":"<!-- This site is optimized with the Yoast SEO plugin v22.5 - https:\/\/yoast.com\/wordpress\/plugins\/seo\/ -->\n<title>Psychologie - Lisa Fr\u00f6hlich<\/title>\n<meta name=\"description\" content=\"Klinische Psychologin und Gesundheitspsychologin Lisa Fr\u00f6hlich - Psychologische Beratung, Behandlung bei psychischen Erkankungen in Steyr\" \/>\n<meta name=\"robots\" content=\"index, follow, max-snippet:-1, max-image-preview:large, max-video-preview:-1\" \/>\n<link rel=\"canonical\" href=\"https:\/\/www.psychologie-froehlich.at\/\" \/>\n<meta property=\"og:locale\" content=\"de_DE\" \/>\n<meta property=\"og:type\" content=\"article\" \/>\n<meta property=\"og:title\" content=\"Psychologie - Lisa Fr\u00f6hlich\" \/>\n<meta property=\"og:description\" content=\"Klinische Psychologin und Gesundheitspsychologin Lisa Fr\u00f6hlich - Psychologische Beratung, Behandlung bei psychischen Erkankungen in Steyr\" \/>\n<meta property=\"og:url\" content=\"https:\/\/www.psychologie-froehlich.at\/\" \/>\n<meta property=\"og:site_name\" content=\"Psychologie Lisa Fr\u00f6hlich\" \/>\n<meta property=\"article:modified_time\" content=\"2024-12-01T19:52:43+00:00\" \/>\n<meta property=\"og:image\" content=\"https:\/\/www.psychologie-froehlich.at\/wp-content\/uploads\/2020\/05\/stilelement_vec_01-768x898.png\" \/>\n<meta name=\"twitter:card\" content=\"summary_large_image\" \/>\n<meta name=\"twitter:label1\" content=\"Gesch\u00e4tzte Lesezeit\" \/>\n\t<meta name=\"twitter:data1\" content=\"2\u00a0Minuten\" \/>\n<script type=\"application\/ld+json\" class=\"yoast-schema-graph\">{\"@context\":\"https:\/\/schema.org\",\"@graph\":[{\"@type\":\"WebPage\",\"@id\":\"https:\/\/www.psychologie-froehlich.at\/\",\"url\":\"https:\/\/www.psychologie-froehlich.at\/\",\"name\":\"Psychologie - Lisa Fr\u00f6hlich\",\"isPartOf\":{\"@id\":\"https:\/\/www.psychologie-froehlich.at\/#website\"},\"primaryImageOfPage\":{\"@id\":\"https:\/\/www.psychologie-froehlich.at\/#primaryimage\"},\"image\":{\"@id\":\"https:\/\/www.psychologie-froehlich.at\/#primaryimage\"},\"thumbnailUrl\":\"https:\/\/www.psychologie-froehlich.at\/wp-content\/uploads\/2020\/05\/stilelement_vec_01-768x898.png\",\"datePublished\":\"2020-06-20T10:40:05+00:00\",\"dateModified\":\"2024-12-01T19:52:43+00:00\",\"description\":\"Klinische Psychologin und Gesundheitspsychologin Lisa Fr\u00f6hlich - Psychologische Beratung, Behandlung bei psychischen Erkankungen in Steyr\",\"breadcrumb\":{\"@id\":\"https:\/\/www.psychologie-froehlich.at\/#breadcrumb\"},\"inLanguage\":\"de\",\"potentialAction\":[{\"@type\":\"ReadAction\",\"target\":[\"https:\/\/www.psychologie-froehlich.at\/\"]}]},{\"@type\":\"ImageObject\",\"inLanguage\":\"de\",\"@id\":\"https:\/\/www.psychologie-froehlich.at\/#primaryimage\",\"url\":\"https:\/\/www.psychologie-froehlich.at\/wp-content\/uploads\/2020\/05\/stilelement_vec_01.png\",\"contentUrl\":\"https:\/\/www.psychologie-froehlich.at\/wp-content\/uploads\/2020\/05\/stilelement_vec_01.png\",\"width\":937,\"height\":1095},{\"@type\":\"BreadcrumbList\",\"@id\":\"https:\/\/www.psychologie-froehlich.at\/#breadcrumb\",\"itemListElement\":[{\"@type\":\"ListItem\",\"position\":1,\"name\":\"Startseite\",\"item\":\"https:\/\/www.psychologie-froehlich.at\/\"},{\"@type\":\"ListItem\",\"position\":2,\"name\":\"Home\"}]},{\"@type\":\"WebSite\",\"@id\":\"https:\/\/www.psychologie-froehlich.at\/#website\",\"url\":\"https:\/\/www.psychologie-froehlich.at\/\",\"name\":\"Psychologie Lisa Fr\u00f6hlich\",\"description\":\"Psychologie Lisa Fr\u00f6hlich\",\"potentialAction\":[{\"@type\":\"SearchAction\",\"target\":{\"@type\":\"EntryPoint\",\"urlTemplate\":\"https:\/\/www.psychologie-froehlich.at\/?s={search_term_string}\"},\"query-input\":\"required name=search_term_string\"}],\"inLanguage\":\"de\"}]}<\/script>\n<!-- \/ Yoast SEO plugin. -->","yoast_head_json":{"title":"Psychologie - Lisa Fr\u00f6hlich","description":"Klinische Psychologin und Gesundheitspsychologin Lisa Fr\u00f6hlich - Psychologische Beratung, Behandlung bei psychischen Erkankungen in Steyr","robots":{"index":"index","follow":"follow","max-snippet":"max-snippet:-1","max-image-preview":"max-image-preview:large","max-video-preview":"max-video-preview:-1"},"canonical":"https:\/\/www.psychologie-froehlich.at\/","og_locale":"de_DE","og_type":"article","og_title":"Psychologie - Lisa Fr\u00f6hlich","og_description":"Klinische Psychologin und Gesundheitspsychologin Lisa Fr\u00f6hlich - Psychologische Beratung, Behandlung bei psychischen Erkankungen in Steyr","og_url":"https:\/\/www.psychologie-froehlich.at\/","og_site_name":"Psychologie Lisa Fr\u00f6hlich","article_modified_time":"2024-12-01T19:52:43+00:00","og_image":[{"url":"https:\/\/www.psychologie-froehlich.at\/wp-content\/uploads\/2020\/05\/stilelement_vec_01-768x898.png"}],"twitter_card":"summary_large_image","twitter_misc":{"Gesch\u00e4tzte Lesezeit":"2\u00a0Minuten"},"schema":{"@context":"https:\/\/schema.org","@graph":[{"@type":"WebPage","@id":"https:\/\/www.psychologie-froehlich.at\/","url":"https:\/\/www.psychologie-froehlich.at\/","name":"Psychologie - Lisa Fr\u00f6hlich","isPartOf":{"@id":"https:\/\/www.psychologie-froehlich.at\/#website"},"primaryImageOfPage":{"@id":"https:\/\/www.psychologie-froehlich.at\/#primaryimage"},"image":{"@id":"https:\/\/www.psychologie-froehlich.at\/#primaryimage"},"thumbnailUrl":"https:\/\/www.psychologie-froehlich.at\/wp-content\/uploads\/2020\/05\/stilelement_vec_01-768x898.png","datePublished":"2020-06-20T10:40:05+00:00","dateModified":"2024-12-01T19:52:43+00:00","description":"Klinische Psychologin und Gesundheitspsychologin Lisa Fr\u00f6hlich - Psychologische Beratung, Behandlung bei psychischen Erkankungen in Steyr","breadcrumb":{"@id":"https:\/\/www.psychologie-froehlich.at\/#breadcrumb"},"inLanguage":"de","potentialAction":[{"@type":"ReadAction","target":["https:\/\/www.psychologie-froehlich.at\/"]}]},{"@type":"ImageObject","inLanguage":"de","@id":"https:\/\/www.psychologie-froehlich.at\/#primaryimage","url":"https:\/\/www.psychologie-froehlich.at\/wp-content\/uploads\/2020\/05\/stilelement_vec_01.png","contentUrl":"https:\/\/www.psychologie-froehlich.at\/wp-content\/uploads\/2020\/05\/stilelement_vec_01.png","width":937,"height":1095},{"@type":"BreadcrumbList","@id":"https:\/\/www.psychologie-froehlich.at\/#breadcrumb","itemListElement":[{"@type":"ListItem","position":1,"name":"Startseite","item":"https:\/\/www.psychologie-froehlich.at\/"},{"@type":"ListItem","position":2,"name":"Home"}]},{"@type":"WebSite","@id":"https:\/\/www.psychologie-froehlich.at\/#website","url":"https:\/\/www.psychologie-froehlich.at\/","name":"Psychologie Lisa Fr\u00f6hlich","description":"Psychologie Lisa Fr\u00f6hlich","potentialAction":[{"@type":"SearchAction","target":{"@type":"EntryPoint","urlTemplate":"https:\/\/www.psychologie-froehlich.at\/?s={search_term_string}"},"query-input":"required name=search_term_string"}],"inLanguage":"de"}]}},"_links":{"self":[{"href":"https:\/\/www.psychologie-froehlich.at\/index.php?rest_route=\/wp\/v2\/pages\/540"}],"collection":[{"href":"https:\/\/www.psychologie-froehlich.at\/index.php?rest_route=\/wp\/v2\/pages"}],"about":[{"href":"https:\/\/www.psychologie-froehlich.at\/index.php?rest_route=\/wp\/v2\/types\/page"}],"author":[{"embeddable":true,"href":"https:\/\/www.psychologie-froehlich.at\/index.php?rest_route=\/wp\/v2\/users\/1"}],"replies":[{"embeddable":true,"href":"https:\/\/www.psychologie-froehlich.at\/index.php?rest_route=%2Fwp%2Fv2%2Fcomments&post=540"}],"version-history":[{"count":38,"href":"https:\/\/www.psychologie-froehlich.at\/index.php?rest_route=\/wp\/v2\/pages\/540\/revisions"}],"predecessor-version":[{"id":661,"href":"https:\/\/www.psychologie-froehlich.at\/index.php?rest_route=\/wp\/v2\/pages\/540\/revisions\/661"}],"wp:attachment":[{"href":"https:\/\/www.psychologie-froehlich.at\/index.php?rest_route=%2Fwp%2Fv2%2Fmedia&parent=540"}],"curies":[{"name":"wp","href":"https:\/\/api.w.org\/{rel}","templated":true}]}}