{"id":475,"date":"2020-06-16T10:03:38","date_gmt":"2020-06-16T08:03:38","guid":{"rendered":"https:\/\/www.psychologie-froehlich.at\/?page_id=475"},"modified":"2022-12-12T17:30:03","modified_gmt":"2022-12-12T16:30:03","slug":"gutachten","status":"publish","type":"page","link":"https:\/\/www.psychologie-froehlich.at\/?page_id=475","title":{"rendered":"Gutachten"},"content":{"rendered":"<h1>Psychologische Gutachten<\/h1>\n<h3>Zu bestimmten Fragestellungen ist es notwendig ein psychologisches Gutachten vorzulegen. Ich biete diese f\u00fcr die Bereiche <b>Adipositaschirurgie<\/b> und f\u00fcr die <b>Zulassung zur Ausbildung Klinische Psychologie und Gesundheitspsychologie<\/b> an.<\/h3>\n<p>\t\t\t<svg xmlns=\"http:\/\/www.w3.org\/2000\/svg\" viewBox=\"0 0 81.1 90.9\"><defs><\/p>\n<style>.cls-1{fill:#efa544;}<\/style>\n<p><\/defs><title>aldus<\/title><g id=\"Ebene_2\" data-name=\"Ebene 2\"><g id=\"&#x421;&#x43B;&#x43E;&#x439;_1\" data-name=\"&#x421;&#x43B;&#x43E;&#x439; 1\"><path d=\"M64.3,75.3c-13.5,4.8-21,15.6-30.9,15.6-6.9,0-13.2-3.9-13.2-10.2,0-4,2.4-7.5,6.9-7.5a5.87,5.87,0,0,1,5.7,5.55c0,2.55-1.35,3.45-1.35,5.4,0,1.5,1.35,2.4,3.45,2.4,3.9,0,7.65-4.65,7.65-8.85s-3.3-8.1-6.3-12.75c-2.4-3.6-4.65-7.65-4.65-12.3,0-6.9,4.8-12.6,12.15-12.6a13.82,13.82,0,0,1,11.7,6.6c1.8-2,2.85-6.9,2.55-11.25a7.29,7.29,0,0,1-1.8.15,21.6,21.6,0,0,1-19-11.7,22.85,22.85,0,0,1-2.25,2c-2.85,2.25-6.75,4.35-13.65,4.35C9.1,30.15,2.05,22.5.1,15.6A2.07,2.07,0,0,1,4,14.25c1.35,3.15,4,6.3,10.35,6.3,4.5,0,7.65-2,10.35-3.75,3.15-2.25,6.45-4.95,12.15-4.95a25.35,25.35,0,0,1,24.6,18.9,12.08,12.08,0,0,0,8.7-11.55c0-3.9-2.25-5.85-5.1-6.75s-5.4-2.85-5.4-6.6S62.65,0,66.25,0c6.9,0,11.7,6.9,11.7,13.8A22.37,22.37,0,0,1,62,34.8,28.44,28.44,0,0,1,60.4,46.5a13.71,13.71,0,0,1,8.1-2.55c6.9,0,12.6,5.85,12.6,13.2C81.1,66.9,74.5,71.7,64.3,75.3ZM44.65,19a5.92,5.92,0,0,0-4.5,2,17.54,17.54,0,0,0,16,10.5h1.35C55.9,24.75,50,19,44.65,19Z\"><\/path><\/g><\/g><\/svg><br \/>\n\t\t\t\t\t\t\t\t\t\t<img decoding=\"async\" src=\"https:\/\/www.psychologie-froehlich.at\/wp-content\/uploads\/elementor\/thumbs\/gutachten-1-orl0emaeunca8nhv0sw0k93u54enwu1209c2pkhnoo.jpg\" title=\"gutachten\" alt=\"gutachten\" \/>\t\t\t\t\t\t\t\t\t\t\t<\/p>\n<h2>Gutachten Adipositaschirurgie<\/h2>\n<p>\t\tUm sich einem adipositaschirurgischen Eingriff (Magenband, Schlauchmagen, Magenbypass) zu unterziehen, ben\u00f6tigen Sie zuvor ein klinisch-psychologisches Gutachten zur OP-Freigabe.\t\t<\/p>\n<h2>Die Untersuchung umfasst zwei Termine und beinhaltet:<\/h2>\n<ul>\n<li >\n\t\t\t\t\t\t\t\t\t\tAnamnese und Explorationsgespr\u00e4ch\n\t\t\t\t\t\t\t\t\t<\/li>\n<li >\n\t\t\t\t\t\t\t\t\t\tKlinisch-psychologische Interviews\n\t\t\t\t\t\t\t\t\t<\/li>\n<li >\n\t\t\t\t\t\t\t\t\t\tTestpsychologische Untersuchungen\n\t\t\t\t\t\t\t\t\t<\/li>\n<li >\n\t\t\t\t\t\t\t\t\t\tErgebnisbesprechung\n\t\t\t\t\t\t\t\t\t<\/li>\n<\/ul>\n<p>Als zus\u00e4tzliches Angebot biete ich Ihnen im zweiten Termin eine pers\u00f6nliche Besprechung Ihrer Ergebnisse an. Im Anschluss wird ein schriftliches Gutachten erstellt. Dieses fasst das Gespr\u00e4ch und die Ergebnisse zusammen und beinhaltet eine Empfehlung f\u00fcr den behandelnden Arzt. <\/p>\n<p>Da diese Eingriffe immer eine \u00c4nderung des postoperativen Essverhaltens sowie eine Nachbetreuung erfordern, stehe ich Ihnen auch gerne nach erfolgter Operation jederzeit zur Verf\u00fcgung.<\/p>\n<p>Die Kosten f\u00fcr das psychologische Gutachten sind privat zu zahlen. F\u00fcr n\u00e4here Infos kontaktieren Sie mich gerne pers\u00f6nlich.<\/p>\n<h2>Gutachten f\u00fcr die Ausbildung Klinische Psychologie und Gesundheitspsychologie<\/h2>\n<p>Voraussetzung f\u00fcr die postgraduelle Ausbildung in Klinischer Psychologie sowie Gesundheitspsychologie ist lt. dem neuen Psychologengesetz (2013) \u00a79 \u201edie psychische Eignung auf Grundlage eines klinisch-psychologischen Gutachtens (&#8230;)\u201c.<\/p>\n<p>Diese Eignung wird in Form eines Explorationsgespr\u00e4chs sowie einer testpsychologischen Untersuchung festgestellt. Im Anschluss wird ein Gutachten erstellt. Auf Wunsch biete ich gerne auch einen zweiten Termin an, um die Ergebnisse mit Ihnen pers\u00f6nlich zu besprechen. Das Gutachten wird zeitnah nach dem Termin fertiggestellt und ist privat zu zahlen. <\/p>\n<p>F\u00fcr n\u00e4here Infos zum Ablauf und zu den Kosten kontaktieren Sie mich gerne pers\u00f6nlich.<\/p>\n<p>\t\t\t<a href=\"mailto:praxis@psychologie-froehlich.at\" role=\"button\"><br \/>\n\t\t\t\t\t\tGutachten anfragen<br \/>\n\t\t\t\t\t<\/a><\/p>\n<p>Weitere Angebote und Leistungen\u200b<\/p>\n<h2>Klinisch-psychologische Behandlung<\/h2>\n<p>Die klinisch-psychologische Behandlung kann Ihnen dabei Unterst\u00fctzung bieten, einen Weg aus der Krise zu finden und Ihre Bed\u00fcrfnisse, St\u00e4rken und Ressourcen wieder zu entdecken.<\/p>\n<p>\t\t\t<a href=\"http:\/\/www.psychologie-froehlich.at\/?page_id=79\" role=\"button\"><br \/>\n\t\t\t\t\t\tMehr erfahren<br \/>\n\t\t\t\t\t<\/a><\/p>\n<h2>Klinisch-psychologische Diagnostik\u200b<br \/>\n<\/h2>\n<p>Wenn es darum geht, ausl\u00f6sende Faktoren, L\u00f6sungsm\u00f6glichkeiten und Ressourcen bei bestehenden Problembereichen genauer unter die Lupe zu nehmen, um zielgerichtete Behandlungs- und Bew\u00e4ltigungsm\u00f6glichkeiten zu erarbeiten, bietet die klinisch-psychologische Diagnostik einen hilfreichen Zugang.<\/p>\n<p>\t\t\t<a href=\"https:\/\/www.psychologie-froehlich.at\/?page_id=357\" role=\"button\"><br \/>\n\t\t\t\t\t\tMehr erfahren<br \/>\n\t\t\t\t\t<\/a><\/p>\n<h2>Kontaktieren Sie mich<\/h2>\n<p>Telefonisch oder via E-Mail unter:<br \/>0681\/817 502 18 | <a href=\"mailto:praxis@psychologie-froehlich.at\">praxis@psychologie-froehlich.at <\/a><\/p>\n<p><em>Leopold-Werndl-Stra\u00dfe 18 4400Steyr | <a href=\"https:\/\/goo.gl\/maps\/2X1YpJr41EQ8hghD7\" target=\"_blank\" rel=\"noopener noreferrer\">maps<\/a><\/em><\/p>\n","protected":false},"excerpt":{"rendered":"<p>Psychologische Gutachten Zu bestimmten Fragestellungen ist es notwendig ein psychologisches [&hellip;]<\/p>\n","protected":false},"author":1,"featured_media":0,"parent":0,"menu_order":0,"comment_status":"closed","ping_status":"closed","template":"","meta":{"_monsterinsights_skip_tracking":false,"_monsterinsights_sitenote_active":false,"_monsterinsights_sitenote_note":"","_monsterinsights_sitenote_category":0,"footnotes":""},"yoast_head":"<!-- This site is optimized with the Yoast SEO plugin v22.5 - https:\/\/yoast.com\/wordpress\/plugins\/seo\/ -->\n<title>Gutachten - Psychologie Lisa Fr\u00f6hlich<\/title>\n<meta name=\"description\" content=\"Psychologische Gutachten - Psychologin Lisa Fr\u00f6hlich bietet diese f\u00fcr die Bereiche Adipositaschirurgie und f\u00fcr die Zulassung zur Ausbildung Klinische Psychologie und Gesundheitspsychologie an.\" \/>\n<meta name=\"robots\" content=\"index, follow, max-snippet:-1, max-image-preview:large, max-video-preview:-1\" \/>\n<link rel=\"canonical\" href=\"https:\/\/www.psychologie-froehlich.at\/?page_id=475\" \/>\n<meta property=\"og:locale\" content=\"de_DE\" \/>\n<meta property=\"og:type\" content=\"article\" \/>\n<meta property=\"og:title\" content=\"Gutachten - Psychologie Lisa Fr\u00f6hlich\" \/>\n<meta property=\"og:description\" content=\"Psychologische Gutachten - Psychologin Lisa Fr\u00f6hlich bietet diese f\u00fcr die Bereiche Adipositaschirurgie und f\u00fcr die Zulassung zur Ausbildung Klinische Psychologie und Gesundheitspsychologie an.\" \/>\n<meta property=\"og:url\" content=\"https:\/\/www.psychologie-froehlich.at\/?page_id=475\" \/>\n<meta property=\"og:site_name\" content=\"Psychologie Lisa Fr\u00f6hlich\" \/>\n<meta property=\"article:modified_time\" content=\"2022-12-12T16:30:03+00:00\" \/>\n<meta property=\"og:image\" content=\"https:\/\/www.psychologie-froehlich.at\/wp-content\/uploads\/elementor\/thumbs\/gutachten-1-orl0emaeunca8nhv0sw0k93u54enwu1209c2pkhnoo.jpg\" \/>\n<meta name=\"twitter:card\" content=\"summary_large_image\" \/>\n<meta name=\"twitter:label1\" content=\"Gesch\u00e4tzte Lesezeit\" \/>\n\t<meta name=\"twitter:data1\" content=\"2\u00a0Minuten\" \/>\n<script type=\"application\/ld+json\" class=\"yoast-schema-graph\">{\"@context\":\"https:\/\/schema.org\",\"@graph\":[{\"@type\":\"WebPage\",\"@id\":\"https:\/\/www.psychologie-froehlich.at\/?page_id=475\",\"url\":\"https:\/\/www.psychologie-froehlich.at\/?page_id=475\",\"name\":\"Gutachten - Psychologie Lisa Fr\u00f6hlich\",\"isPartOf\":{\"@id\":\"https:\/\/www.psychologie-froehlich.at\/#website\"},\"primaryImageOfPage\":{\"@id\":\"https:\/\/www.psychologie-froehlich.at\/?page_id=475#primaryimage\"},\"image\":{\"@id\":\"https:\/\/www.psychologie-froehlich.at\/?page_id=475#primaryimage\"},\"thumbnailUrl\":\"https:\/\/www.psychologie-froehlich.at\/wp-content\/uploads\/elementor\/thumbs\/gutachten-1-orl0emaeunca8nhv0sw0k93u54enwu1209c2pkhnoo.jpg\",\"datePublished\":\"2020-06-16T08:03:38+00:00\",\"dateModified\":\"2022-12-12T16:30:03+00:00\",\"description\":\"Psychologische Gutachten - Psychologin Lisa Fr\u00f6hlich bietet diese f\u00fcr die Bereiche Adipositaschirurgie und f\u00fcr die Zulassung zur Ausbildung Klinische Psychologie und Gesundheitspsychologie an.\",\"breadcrumb\":{\"@id\":\"https:\/\/www.psychologie-froehlich.at\/?page_id=475#breadcrumb\"},\"inLanguage\":\"de\",\"potentialAction\":[{\"@type\":\"ReadAction\",\"target\":[\"https:\/\/www.psychologie-froehlich.at\/?page_id=475\"]}]},{\"@type\":\"ImageObject\",\"inLanguage\":\"de\",\"@id\":\"https:\/\/www.psychologie-froehlich.at\/?page_id=475#primaryimage\",\"url\":\"https:\/\/www.psychologie-froehlich.at\/wp-content\/uploads\/elementor\/thumbs\/gutachten-1-orl0emaeunca8nhv0sw0k93u54enwu1209c2pkhnoo.jpg\",\"contentUrl\":\"https:\/\/www.psychologie-froehlich.at\/wp-content\/uploads\/elementor\/thumbs\/gutachten-1-orl0emaeunca8nhv0sw0k93u54enwu1209c2pkhnoo.jpg\"},{\"@type\":\"BreadcrumbList\",\"@id\":\"https:\/\/www.psychologie-froehlich.at\/?page_id=475#breadcrumb\",\"itemListElement\":[{\"@type\":\"ListItem\",\"position\":1,\"name\":\"Startseite\",\"item\":\"https:\/\/www.psychologie-froehlich.at\/\"},{\"@type\":\"ListItem\",\"position\":2,\"name\":\"Gutachten\"}]},{\"@type\":\"WebSite\",\"@id\":\"https:\/\/www.psychologie-froehlich.at\/#website\",\"url\":\"https:\/\/www.psychologie-froehlich.at\/\",\"name\":\"Psychologie Lisa Fr\u00f6hlich\",\"description\":\"Psychologie Lisa Fr\u00f6hlich\",\"potentialAction\":[{\"@type\":\"SearchAction\",\"target\":{\"@type\":\"EntryPoint\",\"urlTemplate\":\"https:\/\/www.psychologie-froehlich.at\/?s={search_term_string}\"},\"query-input\":\"required name=search_term_string\"}],\"inLanguage\":\"de\"}]}<\/script>\n<!-- \/ Yoast SEO plugin. -->","yoast_head_json":{"title":"Gutachten - Psychologie Lisa Fr\u00f6hlich","description":"Psychologische Gutachten - Psychologin Lisa Fr\u00f6hlich bietet diese f\u00fcr die Bereiche Adipositaschirurgie und f\u00fcr die Zulassung zur Ausbildung Klinische Psychologie und Gesundheitspsychologie an.","robots":{"index":"index","follow":"follow","max-snippet":"max-snippet:-1","max-image-preview":"max-image-preview:large","max-video-preview":"max-video-preview:-1"},"canonical":"https:\/\/www.psychologie-froehlich.at\/?page_id=475","og_locale":"de_DE","og_type":"article","og_title":"Gutachten - Psychologie Lisa Fr\u00f6hlich","og_description":"Psychologische Gutachten - Psychologin Lisa Fr\u00f6hlich bietet diese f\u00fcr die Bereiche Adipositaschirurgie und f\u00fcr die Zulassung zur Ausbildung Klinische Psychologie und Gesundheitspsychologie an.","og_url":"https:\/\/www.psychologie-froehlich.at\/?page_id=475","og_site_name":"Psychologie Lisa Fr\u00f6hlich","article_modified_time":"2022-12-12T16:30:03+00:00","og_image":[{"url":"https:\/\/www.psychologie-froehlich.at\/wp-content\/uploads\/elementor\/thumbs\/gutachten-1-orl0emaeunca8nhv0sw0k93u54enwu1209c2pkhnoo.jpg"}],"twitter_card":"summary_large_image","twitter_misc":{"Gesch\u00e4tzte Lesezeit":"2\u00a0Minuten"},"schema":{"@context":"https:\/\/schema.org","@graph":[{"@type":"WebPage","@id":"https:\/\/www.psychologie-froehlich.at\/?page_id=475","url":"https:\/\/www.psychologie-froehlich.at\/?page_id=475","name":"Gutachten - Psychologie Lisa Fr\u00f6hlich","isPartOf":{"@id":"https:\/\/www.psychologie-froehlich.at\/#website"},"primaryImageOfPage":{"@id":"https:\/\/www.psychologie-froehlich.at\/?page_id=475#primaryimage"},"image":{"@id":"https:\/\/www.psychologie-froehlich.at\/?page_id=475#primaryimage"},"thumbnailUrl":"https:\/\/www.psychologie-froehlich.at\/wp-content\/uploads\/elementor\/thumbs\/gutachten-1-orl0emaeunca8nhv0sw0k93u54enwu1209c2pkhnoo.jpg","datePublished":"2020-06-16T08:03:38+00:00","dateModified":"2022-12-12T16:30:03+00:00","description":"Psychologische Gutachten - Psychologin Lisa Fr\u00f6hlich bietet diese f\u00fcr die Bereiche Adipositaschirurgie und f\u00fcr die Zulassung zur Ausbildung Klinische Psychologie und Gesundheitspsychologie an.","breadcrumb":{"@id":"https:\/\/www.psychologie-froehlich.at\/?page_id=475#breadcrumb"},"inLanguage":"de","potentialAction":[{"@type":"ReadAction","target":["https:\/\/www.psychologie-froehlich.at\/?page_id=475"]}]},{"@type":"ImageObject","inLanguage":"de","@id":"https:\/\/www.psychologie-froehlich.at\/?page_id=475#primaryimage","url":"https:\/\/www.psychologie-froehlich.at\/wp-content\/uploads\/elementor\/thumbs\/gutachten-1-orl0emaeunca8nhv0sw0k93u54enwu1209c2pkhnoo.jpg","contentUrl":"https:\/\/www.psychologie-froehlich.at\/wp-content\/uploads\/elementor\/thumbs\/gutachten-1-orl0emaeunca8nhv0sw0k93u54enwu1209c2pkhnoo.jpg"},{"@type":"BreadcrumbList","@id":"https:\/\/www.psychologie-froehlich.at\/?page_id=475#breadcrumb","itemListElement":[{"@type":"ListItem","position":1,"name":"Startseite","item":"https:\/\/www.psychologie-froehlich.at\/"},{"@type":"ListItem","position":2,"name":"Gutachten"}]},{"@type":"WebSite","@id":"https:\/\/www.psychologie-froehlich.at\/#website","url":"https:\/\/www.psychologie-froehlich.at\/","name":"Psychologie Lisa Fr\u00f6hlich","description":"Psychologie Lisa Fr\u00f6hlich","potentialAction":[{"@type":"SearchAction","target":{"@type":"EntryPoint","urlTemplate":"https:\/\/www.psychologie-froehlich.at\/?s={search_term_string}"},"query-input":"required name=search_term_string"}],"inLanguage":"de"}]}},"_links":{"self":[{"href":"https:\/\/www.psychologie-froehlich.at\/index.php?rest_route=\/wp\/v2\/pages\/475"}],"collection":[{"href":"https:\/\/www.psychologie-froehlich.at\/index.php?rest_route=\/wp\/v2\/pages"}],"about":[{"href":"https:\/\/www.psychologie-froehlich.at\/index.php?rest_route=\/wp\/v2\/types\/page"}],"author":[{"embeddable":true,"href":"https:\/\/www.psychologie-froehlich.at\/index.php?rest_route=\/wp\/v2\/users\/1"}],"replies":[{"embeddable":true,"href":"https:\/\/www.psychologie-froehlich.at\/index.php?rest_route=%2Fwp%2Fv2%2Fcomments&post=475"}],"version-history":[{"count":15,"href":"https:\/\/www.psychologie-froehlich.at\/index.php?rest_route=\/wp\/v2\/pages\/475\/revisions"}],"predecessor-version":[{"id":635,"href":"https:\/\/www.psychologie-froehlich.at\/index.php?rest_route=\/wp\/v2\/pages\/475\/revisions\/635"}],"wp:attachment":[{"href":"https:\/\/www.psychologie-froehlich.at\/index.php?rest_route=%2Fwp%2Fv2%2Fmedia&parent=475"}],"curies":[{"name":"wp","href":"https:\/\/api.w.org\/{rel}","templated":true}]}}