{"id":402,"date":"2020-05-04T09:11:59","date_gmt":"2020-05-04T07:11:59","guid":{"rendered":"http:\/\/www.psychologie-froehlich.at\/?page_id=402"},"modified":"2024-03-27T17:57:52","modified_gmt":"2024-03-27T16:57:52","slug":"informationen","status":"publish","type":"page","link":"https:\/\/www.psychologie-froehlich.at\/?page_id=402","title":{"rendered":"Informationen"},"content":{"rendered":"<h1>Rahmenbedingungen &#038; Information<\/h1>\n<p>Hier finden Sie alle Informationen zum <b>Ablauf<\/b> und <b>Kosten<\/b> meiner Beratung und Behandlung sowie <b>Absageregelungen<\/b> und der Handhabung der <b>gesetzlichen Schweigepflicht<\/b>.<\/p>\n<p>\t\t\t<svg xmlns=\"http:\/\/www.w3.org\/2000\/svg\" viewBox=\"0 0 81.1 90.9\"><defs><\/p>\n<style>.cls-1{fill:#efa544;}<\/style>\n<p><\/defs><title>aldus<\/title><g id=\"Ebene_2\" data-name=\"Ebene 2\"><g id=\"&#x421;&#x43B;&#x43E;&#x439;_1\" data-name=\"&#x421;&#x43B;&#x43E;&#x439; 1\"><path d=\"M64.3,75.3c-13.5,4.8-21,15.6-30.9,15.6-6.9,0-13.2-3.9-13.2-10.2,0-4,2.4-7.5,6.9-7.5a5.87,5.87,0,0,1,5.7,5.55c0,2.55-1.35,3.45-1.35,5.4,0,1.5,1.35,2.4,3.45,2.4,3.9,0,7.65-4.65,7.65-8.85s-3.3-8.1-6.3-12.75c-2.4-3.6-4.65-7.65-4.65-12.3,0-6.9,4.8-12.6,12.15-12.6a13.82,13.82,0,0,1,11.7,6.6c1.8-2,2.85-6.9,2.55-11.25a7.29,7.29,0,0,1-1.8.15,21.6,21.6,0,0,1-19-11.7,22.85,22.85,0,0,1-2.25,2c-2.85,2.25-6.75,4.35-13.65,4.35C9.1,30.15,2.05,22.5.1,15.6A2.07,2.07,0,0,1,4,14.25c1.35,3.15,4,6.3,10.35,6.3,4.5,0,7.65-2,10.35-3.75,3.15-2.25,6.45-4.95,12.15-4.95a25.35,25.35,0,0,1,24.6,18.9,12.08,12.08,0,0,0,8.7-11.55c0-3.9-2.25-5.85-5.1-6.75s-5.4-2.85-5.4-6.6S62.65,0,66.25,0c6.9,0,11.7,6.9,11.7,13.8A22.37,22.37,0,0,1,62,34.8,28.44,28.44,0,0,1,60.4,46.5a13.71,13.71,0,0,1,8.1-2.55c6.9,0,12.6,5.85,12.6,13.2C81.1,66.9,74.5,71.7,64.3,75.3ZM44.65,19a5.92,5.92,0,0,0-4.5,2,17.54,17.54,0,0,0,16,10.5h1.35C55.9,24.75,50,19,44.65,19Z\"><\/path><\/g><\/g><\/svg>\t\t\t<\/p>\n<h2>Ablauf<\/h2>\n<p>Nach Kontaktaufnahme findet ein unverbindliches Erstgespr\u00e4ch in meiner Praxis statt. Dieses Gespr\u00e4ch dient dem pers\u00f6nlichen Kennenlernen sowie der Kl\u00e4rung m\u00f6glicher Ziele, Erwartungen und Rahmenbedingungen.<\/p>\n<h2>Kosten<\/h2>\n<p><b>Klinisch-psychologische Beratung<\/b> und <b>Behandlung<\/b> wird seit J\u00e4nner 2024 durch die gesetzlichen Krankenkassen unterst\u00fctzt und ein <b>Teil der Kosten<\/b> wird <b>refundiert<\/b>. Auch einige private Zusatzversicherungen \u00fcbernehmen einen Teil der Kosten, informieren Sie sich bitte diesbez\u00fcglich bei Ihrem Versicherungstr\u00e4ger.<\/p>\n<p>Die Kosten f\u00fcr eine klinisch-psychologische <b>Diagnostik<\/b> k\u00f6nnen \u00fcber die gesetzliche Krankenkasse anteilig (80% des Vertragstarifes) refundiert werden. <\/p>\n<p>\u00dcber n\u00e4here Informationen zu meinen Tarifen informiere ich Sie gerne pers\u00f6nlich. Kontaktieren Sie mich dazu telefonisch oder per Mail.<\/p>\n<h2>Absageregelung<\/h2>\n<p>Therapieabsagen bitte ich bis mindestens 24 Stunden vor dem vereinbarten Termin bekannt zu geben. Haben Sie Verst\u00e4ndnis daf\u00fcr, dass ich bei sp\u00e4teren Terminabsagen die Kosten in Rechnung stellen muss.<\/p>\n<h2>Schweigepflicht<\/h2>\n<p>Als Klinische Psychologin und Gesundheitspsychologin unterliege ich der gesetzlichen Schweigepflicht (Psychologengesetz \u00a7 14). Das hei\u00dft, alle mir anvertrauten Informationen und Inhalte werden absolut vertraulich behandelt und bieten so die Grundvoraussetzung f\u00fcr ein offenes Gespr\u00e4ch.<\/p>\n<h2>Das k\u00f6nnte Sie auch interessieren<\/h2>\n<p>\t\t\t\tKlinisch &#8211; psychologische Behandlung\u200bBietet Unterst\u00fctzung einen Weg aus der Krise zu finden<a href=\"http:\/\/www.psychologie-froehlich.at\/?page_id=79\">Details<\/a><br \/>\n\t\t\t\t<a href=\"http:\/\/www.psychologie-froehlich.at\/?page_id=357\">Klinisch-psychologische Diagnostik\u200bUntersucht die psychische Befindlichkeit, die Pers\u00f6nlichkeitsstruktur sowie Art und Ausma\u00df der psychischen Beeintr\u00e4chtigung und Leistungsf\u00e4higkeit.Details<\/a><br \/>\n\t\t\t\t<a href=\"http:\/\/www.psychologie-froehlich.at\/?page_id=81\">Therapeutisches Klettern\u200bBarrieren \u00fcberwinden und St\u00e4rken entdeckenDetails<\/a>\t\t\t<\/p>\n<h2>Kontaktieren Sie mich<\/h2>\n<p>Telefonisch oder via E-Mail unter:<br \/>0681\/817 502 18 | <a href=\"mailto:praxis@psychologie-froehlich.at\">praxis@psychologie-froehlich.at <\/a><\/p>\n<p><em>Leopold-Werndl-Stra\u00dfe 18<br \/>4400 Steyr \u00a0| <a href=\"https:\/\/goo.gl\/maps\/2X1YpJr41EQ8hghD7\" target=\"_blank\" rel=\"noopener noreferrer\">maps<\/a><\/em><\/p>\n","protected":false},"excerpt":{"rendered":"<p>Rahmenbedingungen &#038; Information Hier finden Sie alle Informationen zum Ablauf [&hellip;]<\/p>\n","protected":false},"author":1,"featured_media":0,"parent":0,"menu_order":0,"comment_status":"closed","ping_status":"closed","template":"","meta":{"_monsterinsights_skip_tracking":false,"_monsterinsights_sitenote_active":false,"_monsterinsights_sitenote_note":"","_monsterinsights_sitenote_category":0,"footnotes":""},"yoast_head":"<!-- This site is optimized with the Yoast SEO plugin v22.5 - https:\/\/yoast.com\/wordpress\/plugins\/seo\/ -->\n<title>Informationen - Psychologie Lisa Fr\u00f6hlich<\/title>\n<meta name=\"description\" content=\"Hier finden Sie alle Informationen zum Ablauf und Kosten meiner Beratung und Behandlung sowie Absageregelungen und der Handhabung der gesetzlichen Schweigepflicht.\" \/>\n<meta name=\"robots\" content=\"index, follow, max-snippet:-1, max-image-preview:large, max-video-preview:-1\" \/>\n<link rel=\"canonical\" href=\"https:\/\/www.psychologie-froehlich.at\/?page_id=402\" \/>\n<meta property=\"og:locale\" content=\"de_DE\" \/>\n<meta property=\"og:type\" content=\"article\" \/>\n<meta property=\"og:title\" content=\"Informationen - Psychologie Lisa Fr\u00f6hlich\" \/>\n<meta property=\"og:description\" content=\"Hier finden Sie alle Informationen zum Ablauf und Kosten meiner Beratung und Behandlung sowie Absageregelungen und der Handhabung der gesetzlichen Schweigepflicht.\" \/>\n<meta property=\"og:url\" content=\"https:\/\/www.psychologie-froehlich.at\/?page_id=402\" \/>\n<meta property=\"og:site_name\" content=\"Psychologie Lisa Fr\u00f6hlich\" \/>\n<meta property=\"article:modified_time\" content=\"2024-03-27T16:57:52+00:00\" \/>\n<meta name=\"twitter:card\" content=\"summary_large_image\" \/>\n<meta name=\"twitter:label1\" content=\"Gesch\u00e4tzte Lesezeit\" \/>\n\t<meta name=\"twitter:data1\" content=\"1\u00a0Minute\" \/>\n<script type=\"application\/ld+json\" class=\"yoast-schema-graph\">{\"@context\":\"https:\/\/schema.org\",\"@graph\":[{\"@type\":\"WebPage\",\"@id\":\"https:\/\/www.psychologie-froehlich.at\/?page_id=402\",\"url\":\"https:\/\/www.psychologie-froehlich.at\/?page_id=402\",\"name\":\"Informationen - Psychologie Lisa Fr\u00f6hlich\",\"isPartOf\":{\"@id\":\"https:\/\/www.psychologie-froehlich.at\/#website\"},\"datePublished\":\"2020-05-04T07:11:59+00:00\",\"dateModified\":\"2024-03-27T16:57:52+00:00\",\"description\":\"Hier finden Sie alle Informationen zum Ablauf und Kosten meiner Beratung und Behandlung sowie Absageregelungen und der Handhabung der gesetzlichen Schweigepflicht.\",\"breadcrumb\":{\"@id\":\"https:\/\/www.psychologie-froehlich.at\/?page_id=402#breadcrumb\"},\"inLanguage\":\"de\",\"potentialAction\":[{\"@type\":\"ReadAction\",\"target\":[\"https:\/\/www.psychologie-froehlich.at\/?page_id=402\"]}]},{\"@type\":\"BreadcrumbList\",\"@id\":\"https:\/\/www.psychologie-froehlich.at\/?page_id=402#breadcrumb\",\"itemListElement\":[{\"@type\":\"ListItem\",\"position\":1,\"name\":\"Startseite\",\"item\":\"https:\/\/www.psychologie-froehlich.at\/\"},{\"@type\":\"ListItem\",\"position\":2,\"name\":\"Informationen\"}]},{\"@type\":\"WebSite\",\"@id\":\"https:\/\/www.psychologie-froehlich.at\/#website\",\"url\":\"https:\/\/www.psychologie-froehlich.at\/\",\"name\":\"Psychologie Lisa Fr\u00f6hlich\",\"description\":\"Psychologie Lisa Fr\u00f6hlich\",\"potentialAction\":[{\"@type\":\"SearchAction\",\"target\":{\"@type\":\"EntryPoint\",\"urlTemplate\":\"https:\/\/www.psychologie-froehlich.at\/?s={search_term_string}\"},\"query-input\":\"required name=search_term_string\"}],\"inLanguage\":\"de\"}]}<\/script>\n<!-- \/ Yoast SEO plugin. -->","yoast_head_json":{"title":"Informationen - Psychologie Lisa Fr\u00f6hlich","description":"Hier finden Sie alle Informationen zum Ablauf und Kosten meiner Beratung und Behandlung sowie Absageregelungen und der Handhabung der gesetzlichen Schweigepflicht.","robots":{"index":"index","follow":"follow","max-snippet":"max-snippet:-1","max-image-preview":"max-image-preview:large","max-video-preview":"max-video-preview:-1"},"canonical":"https:\/\/www.psychologie-froehlich.at\/?page_id=402","og_locale":"de_DE","og_type":"article","og_title":"Informationen - Psychologie Lisa Fr\u00f6hlich","og_description":"Hier finden Sie alle Informationen zum Ablauf und Kosten meiner Beratung und Behandlung sowie Absageregelungen und der Handhabung der gesetzlichen Schweigepflicht.","og_url":"https:\/\/www.psychologie-froehlich.at\/?page_id=402","og_site_name":"Psychologie Lisa Fr\u00f6hlich","article_modified_time":"2024-03-27T16:57:52+00:00","twitter_card":"summary_large_image","twitter_misc":{"Gesch\u00e4tzte Lesezeit":"1\u00a0Minute"},"schema":{"@context":"https:\/\/schema.org","@graph":[{"@type":"WebPage","@id":"https:\/\/www.psychologie-froehlich.at\/?page_id=402","url":"https:\/\/www.psychologie-froehlich.at\/?page_id=402","name":"Informationen - Psychologie Lisa Fr\u00f6hlich","isPartOf":{"@id":"https:\/\/www.psychologie-froehlich.at\/#website"},"datePublished":"2020-05-04T07:11:59+00:00","dateModified":"2024-03-27T16:57:52+00:00","description":"Hier finden Sie alle Informationen zum Ablauf und Kosten meiner Beratung und Behandlung sowie Absageregelungen und der Handhabung der gesetzlichen Schweigepflicht.","breadcrumb":{"@id":"https:\/\/www.psychologie-froehlich.at\/?page_id=402#breadcrumb"},"inLanguage":"de","potentialAction":[{"@type":"ReadAction","target":["https:\/\/www.psychologie-froehlich.at\/?page_id=402"]}]},{"@type":"BreadcrumbList","@id":"https:\/\/www.psychologie-froehlich.at\/?page_id=402#breadcrumb","itemListElement":[{"@type":"ListItem","position":1,"name":"Startseite","item":"https:\/\/www.psychologie-froehlich.at\/"},{"@type":"ListItem","position":2,"name":"Informationen"}]},{"@type":"WebSite","@id":"https:\/\/www.psychologie-froehlich.at\/#website","url":"https:\/\/www.psychologie-froehlich.at\/","name":"Psychologie Lisa Fr\u00f6hlich","description":"Psychologie Lisa Fr\u00f6hlich","potentialAction":[{"@type":"SearchAction","target":{"@type":"EntryPoint","urlTemplate":"https:\/\/www.psychologie-froehlich.at\/?s={search_term_string}"},"query-input":"required name=search_term_string"}],"inLanguage":"de"}]}},"_links":{"self":[{"href":"https:\/\/www.psychologie-froehlich.at\/index.php?rest_route=\/wp\/v2\/pages\/402"}],"collection":[{"href":"https:\/\/www.psychologie-froehlich.at\/index.php?rest_route=\/wp\/v2\/pages"}],"about":[{"href":"https:\/\/www.psychologie-froehlich.at\/index.php?rest_route=\/wp\/v2\/types\/page"}],"author":[{"embeddable":true,"href":"https:\/\/www.psychologie-froehlich.at\/index.php?rest_route=\/wp\/v2\/users\/1"}],"replies":[{"embeddable":true,"href":"https:\/\/www.psychologie-froehlich.at\/index.php?rest_route=%2Fwp%2Fv2%2Fcomments&post=402"}],"version-history":[{"count":20,"href":"https:\/\/www.psychologie-froehlich.at\/index.php?rest_route=\/wp\/v2\/pages\/402\/revisions"}],"predecessor-version":[{"id":641,"href":"https:\/\/www.psychologie-froehlich.at\/index.php?rest_route=\/wp\/v2\/pages\/402\/revisions\/641"}],"wp:attachment":[{"href":"https:\/\/www.psychologie-froehlich.at\/index.php?rest_route=%2Fwp%2Fv2%2Fmedia&parent=402"}],"curies":[{"name":"wp","href":"https:\/\/api.w.org\/{rel}","templated":true}]}}