{"id":3,"date":"2020-01-10T11:36:49","date_gmt":"2020-01-10T10:36:49","guid":{"rendered":"https:\/\/www.psychologie-froehlich.at\/?page_id=3"},"modified":"2022-12-12T17:31:21","modified_gmt":"2022-12-12T16:31:21","slug":"datenschutzerklaerung","status":"publish","type":"page","link":"https:\/\/www.psychologie-froehlich.at\/?page_id=3","title":{"rendered":"Datenschutzerkl\u00e4rung"},"content":{"rendered":"\n<h2 class=\"wp-block-heading\">Wer wir sind<\/h2>\n\n\n\n<p>Die Adresse unserer Website ist:<a href=\"http:\/\/psychologie-froehlich.at\"> psychologie-froehlich.at<\/a><\/p>\n\n\n\n<h1 class=\"wp-block-heading\" id=\"cookie-richtlinie\">Cookie-Richtlinie<\/h1>\n\n\n\n<p>Mit dieser Cookie-Richtlinie informiert der Website-Betreiber den Nutzer der Website \u00fcber den Einsatz von Cookies oder \u00e4hnlichen Speichertechnologien (nachfolgend \u201eCookies\u201c) auf dieser Website.<\/p>\n\n\n\n<h2 class=\"wp-block-heading\" id=\"was-sind-cookies\">Was sind Cookies?<\/h2>\n\n\n\n<p>Cookies sind kleine Textdateien, die vom Webbrowser auf dem Endger\u00e4t des Nutzers zur Speicherung von bestimmten Informationen abgelegt werden. Beim n\u00e4chsten Aufruf unserer Website mit demselben Endger\u00e4t werden die in Cookies gespeicherten Informationen an unsere Website (\u201eFirst-Party-Cookie\u201c) oder eine andere Website, zu der das Cookie geh\u00f6rt (\u201eThird-Party-Cookie\u201c), zur\u00fcckgesandt.<\/p>\n\n\n\n<p>Durch die im Cookie gespeicherten und zur\u00fcckgesandten Informationen erkennt die jeweilige Website, dass der Nutzer diese mit dem Webbrowser seines Endger\u00e4ts bereits aufgerufen und besucht hat. Diese Informationen nutzen wir, um dem Nutzer die Website gem\u00e4\u00df seinen Pr\u00e4ferenzen optimal anzeigen zu k\u00f6nnen.<\/p>\n\n\n\n<p>Es wird hierbei aber nur das Cookie selbst auf dem Endger\u00e4t identifiziert. Eine dar\u00fcber hinausgehende Speicherung von personenbezogenen Daten erfolgt nur, wenn der Nutzer uns seine ausdr\u00fcckliche Zustimmung daf\u00fcr gibt oder wenn diese Speicherung unbedingt erforderlich ist, um den angebotenen und aufgerufenen Dienst nutzen zu k\u00f6nnen.<\/p>\n\n\n\n<h2 class=\"wp-block-heading\" id=\"zustimmung-zur-verwendung-von-cookies\">Zustimmung zur Verwendung von Cookies<\/h2>\n\n\n\n<p>Cookies, die nicht unbedingt erforderlich sind, um die Dienste auf dieser Website zur Verf\u00fcgung zu stellen, werden erst nach Einwilligung verwendet. Indem der Nutzer auf Grundlage eines von uns auf der Website erteilten Hinweises (\u201eCookie-Banner\u201c) eine Einwilligung zur Verwendung von Cookies erteilt hat, stimmt er der Verwendung von Cookies zu.<\/p>\n\n\n\n<p>Seine&nbsp;Cookie<a href=\"https:\/\/www.kinderpsychologie-hihu.at\/cookie-einstellungen\/\">&#8211;<\/a>Einstellungen&nbsp;kann der Nutzer jederzeit individuell anpassen, indem er zum Beispiel einzelne Cookie-Kategorien aktiviert oder deaktiviert.<\/p>\n\n\n\n<p>Wie der Nutzer Cookies generell (inklusive der unbedingt erforderlichen Cookies) in seinem Browser deaktivieren oder l\u00f6schen kann, wird unter dem Punkt \u201eDeaktivierung oder L\u00f6schung s\u00e4mtlicher Cookies&#8220; beschrieben.<\/p>\n\n\n\n<h2 class=\"wp-block-heading\" id=\"rechtsgrundlage\">Rechtsgrundlage<\/h2>\n\n\n\n<p>Wenn der Nutzer auf Grundlage eines von uns auf der Website erteilten Hinweises (\u201eCookie-Banner\u201c) eine Einwilligung zur Verwendung von Cookies erteilt hat, richtet sich die Rechtm\u00e4\u00dfigkeit der Datenverarbeitung nach Art. 6 Abs. 1 S. 1 lit. a DSGVO. Wenn keine Einwilligung angefordert wird, stellt unser berechtigtes Interesse (d. h. Interesse an der Analyse, Optimierung und dem wirtschaftlichen Betrieb dieser Website und Leistungen) im Sinne des Art. 6 Abs. 1 S. 1 lit. f DSGVO die Rechtsgrundlage f\u00fcr die Nutzung der Cookies dar.<\/p>\n\n\n\n<h2 class=\"wp-block-heading\" id=\"kategorien-der-verwendeten-cookies\">Kategorien der verwendeten Cookies<\/h2>\n\n\n\n<p>Je nach Verwendungszweck und Funktion unterteilen wir die von der Website verwendeten Cookies in die folgenden Kategorien:<\/p>\n\n\n\n<ul><li>Unbedingt erforderliche Cookies<\/li><li>Funktionale-Cookies<\/li><li>Performance-Cookies<\/li><li>Marketing- \/ Third-Party- \/ zustimmungspflichtige Cookies<\/li><\/ul>\n\n\n\n<h3 class=\"wp-block-heading\" id=\"unbedingt-erforderliche-cookies\">Unbedingt erforderliche Cookies<\/h3>\n\n\n\n<p>Unbedingt erforderliche Cookies sorgen daf\u00fcr, dass diese Website beziehungsweise der Dienst, ordnungsgem\u00e4\u00df funktioniert. Das hei\u00dft, ohne diese Cookies ist diese Website beziehungsweise der Dienst nicht wie vorgesehen nutzbar. Diese Art von Cookies wird ausschlie\u00dflich von dem Betreiber der Website verwendet (First-Party-Cookie) und s\u00e4mtliche Informationen, die in den Cookies gespeichert sind, werden nur an diese Website gesendet.<\/p>\n\n\n\n<h3 class=\"wp-block-heading\" id=\"funktionale-cookies\">Funktionale Cookies<\/h3>\n\n\n\n<p>Funktionale Cookies erm\u00f6glichen dieser Website, get\u00e4tigte Angaben, wie z. B. den Benutzernamen oder die Sprachauswahl, zu speichern und dem Nutzer darauf basierend verbesserte und personalisierte Funktionen anzubieten. Diese Cookies sammeln und speichern ausschlie\u00dflich anonymisierte Informationen.<\/p>\n\n\n\n<h3 class=\"wp-block-heading\" id=\"performance-cookies\">Performance Cookies<\/h3>\n\n\n\n<p>Performance-Cookies sammeln Informationen dar\u00fcber, wie unsere Webseiten genutzt werden, um darauf basierend deren Attraktivit\u00e4t, Inhalt und Funktionalit\u00e4t zu verbessern. Diese Cookies helfen uns beispielsweise festzustellen, ob und welche Unterseiten unserer Webseite besucht werden und f\u00fcr welche Inhalte sich die Nutzer besonders interessieren. Wir erfassen die Anzahl der Zugriffe auf eine Seite, die Anzahl der aufgerufenen Unterseiten, die auf unserer Website verbrachte Zeit, die Reihenfolge der besuchten Seiten, welche Suchbegriffe unsere Nutzer zu uns gef\u00fchrt haben, das Land, die Region und gegebenenfalls die Stadt aus der der Zugriff erfolgt, sowie den Anteil von mobilen Endger\u00e4ten, die auf unsere Webseiten zugreifen. Die aus technischen Gr\u00fcnden \u00fcbermittelte IP-Adresse eines Rechners wird automatisch anonymisiert und erm\u00f6glicht uns keinen R\u00fcckschluss auf den einzelnen Nutzer.<\/p>\n\n\n\n<p>Auf unserer Website kommen folgende Performance-Cookies zum Einsatz:<\/p>\n\n\n\n<h3 class=\"wp-block-heading\" id=\"marketing-third-party-cookies\">Marketing- \/ Third-Party-Cookies<\/h3>\n\n\n\n<p>Marketing- \/ Third Party- \/ zustimmungspflichtige Cookies stammen unter anderem von externen Werbeunternehmen und werden verwendet, um Informationen \u00fcber die vom Nutzer besuchten Websites zu sammeln, um z. B. zielgruppenorientierte Werbung f\u00fcr den Benutzer zu erstellen.<\/p>\n\n\n\n<h2 class=\"wp-block-heading\" id=\"deaktivierung-oder-l\u00f6schung-s\u00e4mtlicher-cookies\">Deaktivierung oder L\u00f6schung s\u00e4mtlicher Cookies<\/h2>\n\n\n\n<p>Der Nutzer kann seinen Webbrowser so einstellen, dass das Speichern von Cookies auf seinem Endger\u00e4t generell verhindert wird beziehungsweise er jedes Mal gefragt wird, ob er mit dem Setzen von Cookies einverstanden ist. Einmal gesetzte Cookies kann der Nutzer jederzeit wieder l\u00f6schen. Wie das Ganze funktioniert, wird in der Hilfe-Funktion des jeweiligen Webbrowsers beschrieben.<\/p>\n\n\n\n<p>Eine generelle Deaktivierung von Cookies kann gegebenenfalls zu Funktionseinschr\u00e4nkungen dieser Website f\u00fchren.<\/p>\n\n\n\n<p><\/p>\n\n\n\n<h3 class=\"wp-block-heading\">Eingebettete Inhalte von anderen Websites<\/h3>\n\n\n\n<p>Beitr\u00e4ge auf dieser Website k\u00f6nnen eingebettete Inhalte beinhalten (z.&nbsp;B. Videos, Bilder, Beitr\u00e4ge etc.). Eingebettete Inhalte von anderen Websites verhalten sich exakt so, als ob der Besucher die andere Website besucht h\u00e4tte.<\/p>\n\n\n\n<p>Diese Websites k\u00f6nnen Daten \u00fcber dich sammeln, Cookies benutzen, zus\u00e4tzliche Tracking-Dienste von Dritten einbetten und deine Interaktion mit diesem eingebetteten Inhalt aufzeichnen, inklusive deiner Interaktion mit dem eingebetteten Inhalt, falls du ein Konto hast und auf dieser Website angemeldet bist.<\/p>\n\n\n\n<h1 class=\"wp-block-heading\">Datenschutzerkl\u00e4rung<\/h1>\n\n\n\n<h4 class=\"wp-block-heading\">Hinweise zur Datenverarbeitung im Zusammenhang mit Google Analytics<\/h4>\n\n\n\n<p>Google Analytics verwendet sog. \u201eCookies\u201c, Textdateien, die auf dem verwendeten Ger\u00e4t gespeichert werden und die eine Analyse der Benutzung der Website durch den Seitenbesucher erm\u00f6glichen. Die durch den Cookie erzeugten Informationen \u00fcber Ihre Benutzung dieser Website werden in der Regel an einen Server von Google \u00fcbertragen und dort gespeichert.<\/p>\n\n\n\n<p>Google ist nach dem sog. Privacy Shield zertifiziert (Listeneintrag&nbsp;<a href=\"https:\/\/www.privacyshield.gov\/participant?id=a2zt000000001L5AAI\">hier<\/a>) und gew\u00e4hrleistet auf dieser Basis ein angemessenes Datenschutzniveau. Die gesendeten und mit Cookies, Nutzerkennungen (z. B. User-ID) oder Werbe-IDs verkn\u00fcpften Daten werden nach 50 Monaten automatisch gel\u00f6scht. Die L\u00f6schung von Daten, deren Aufbewahrungsdauer erreicht ist, erfolgt automatisch einmal im Monat.<\/p>\n\n\n\n<p>Die Erfassung durch Google Analytics kann verhindert werden, indem der Seitenbesucher die Cookie-Einstellungen f\u00fcr diese Website anpasst. Der Erfassung und Speicherung der IP-Adresse und der durch Cookies erzeugten Daten kann au\u00dferdem jederzeit mit Wirkung f\u00fcr die Zukunft widersprochen werden. Das entsprechende Browser- Plugin kann unter dem folgenden Link heruntergeladen und installiert werden:&nbsp;<a href=\"https:\/\/tools.google.com\/dlpage\/gaoptout?hl=de\">https:\/\/tools.google.com\/dlpage\/gaoptout<\/a>.<\/p>\n\n\n\n<p>N\u00e4here Informationen zu den Google Nutzungsbedingungen und Datenschutz finden sich unter den&nbsp;<a href=\"https:\/\/www.google.com\/analytics\/terms\/de.html\">Google Analytics Bedingungen<\/a>&nbsp;bzw. unter der&nbsp;<a href=\"https:\/\/www.google.com\/intl\/de\/policies\/privacy\/index.html#Datenschutzerkl%C3%A4rung\">Google Analytics \u00dcbersicht<\/a>.<\/p>\n\n\n\n<p>Gem\u00e4\u00df der einschl\u00e4gigen Gesetzgebung und der DSGVO hat Seitenbesucher in Bezug auf seine personenbezogenen Daten, die \u00fcber diese Google Analytics Datenverarbeitung verarbeitet werden, bestimmte Rechte. Insbesondere hat er ein Recht auf Auskunft, Berichtigung, Daten\u00fcbertragbarkeit bzw. L\u00f6schung seiner Daten und ein Recht auf Daten\u00fcbertragbarkeit. Der Seitenbesucher hat bez\u00fcglich bestimmter Verarbeitungen seiner Daten auch das Recht auf Widerspruch. <\/p>\n","protected":false},"excerpt":{"rendered":"<p>Wer wir sind Die Adresse unserer Website ist: psychologie-froehlich.at Cookie-Richtlinie [&hellip;]<\/p>\n","protected":false},"author":1,"featured_media":0,"parent":0,"menu_order":0,"comment_status":"closed","ping_status":"open","template":"","meta":{"_monsterinsights_skip_tracking":false,"_monsterinsights_sitenote_active":false,"_monsterinsights_sitenote_note":"","_monsterinsights_sitenote_category":0,"footnotes":""},"yoast_head":"<!-- This site is optimized with the Yoast SEO plugin v22.5 - https:\/\/yoast.com\/wordpress\/plugins\/seo\/ -->\n<title>Datenschutzerkl\u00e4rung - Psychologie Lisa Fr\u00f6hlich<\/title>\n<meta name=\"robots\" content=\"index, follow, max-snippet:-1, max-image-preview:large, max-video-preview:-1\" \/>\n<link rel=\"canonical\" href=\"https:\/\/www.psychologie-froehlich.at\/?page_id=3\" \/>\n<meta property=\"og:locale\" content=\"de_DE\" \/>\n<meta property=\"og:type\" content=\"article\" \/>\n<meta property=\"og:title\" content=\"Datenschutzerkl\u00e4rung - Psychologie Lisa Fr\u00f6hlich\" \/>\n<meta property=\"og:description\" content=\"Wer wir sind Die Adresse unserer Website ist: psychologie-froehlich.at Cookie-Richtlinie [&hellip;]\" \/>\n<meta property=\"og:url\" content=\"https:\/\/www.psychologie-froehlich.at\/?page_id=3\" \/>\n<meta property=\"og:site_name\" content=\"Psychologie Lisa Fr\u00f6hlich\" \/>\n<meta property=\"article:modified_time\" content=\"2022-12-12T16:31:21+00:00\" \/>\n<meta name=\"twitter:card\" content=\"summary_large_image\" \/>\n<meta name=\"twitter:label1\" content=\"Gesch\u00e4tzte Lesezeit\" \/>\n\t<meta name=\"twitter:data1\" content=\"6\u00a0Minuten\" \/>\n<script type=\"application\/ld+json\" class=\"yoast-schema-graph\">{\"@context\":\"https:\/\/schema.org\",\"@graph\":[{\"@type\":\"WebPage\",\"@id\":\"https:\/\/www.psychologie-froehlich.at\/?page_id=3\",\"url\":\"https:\/\/www.psychologie-froehlich.at\/?page_id=3\",\"name\":\"Datenschutzerkl\u00e4rung - Psychologie Lisa Fr\u00f6hlich\",\"isPartOf\":{\"@id\":\"https:\/\/www.psychologie-froehlich.at\/#website\"},\"datePublished\":\"2020-01-10T10:36:49+00:00\",\"dateModified\":\"2022-12-12T16:31:21+00:00\",\"breadcrumb\":{\"@id\":\"https:\/\/www.psychologie-froehlich.at\/?page_id=3#breadcrumb\"},\"inLanguage\":\"de\",\"potentialAction\":[{\"@type\":\"ReadAction\",\"target\":[\"https:\/\/www.psychologie-froehlich.at\/?page_id=3\"]}]},{\"@type\":\"BreadcrumbList\",\"@id\":\"https:\/\/www.psychologie-froehlich.at\/?page_id=3#breadcrumb\",\"itemListElement\":[{\"@type\":\"ListItem\",\"position\":1,\"name\":\"Startseite\",\"item\":\"https:\/\/www.psychologie-froehlich.at\/\"},{\"@type\":\"ListItem\",\"position\":2,\"name\":\"Datenschutzerkl\u00e4rung\"}]},{\"@type\":\"WebSite\",\"@id\":\"https:\/\/www.psychologie-froehlich.at\/#website\",\"url\":\"https:\/\/www.psychologie-froehlich.at\/\",\"name\":\"Psychologie Lisa Fr\u00f6hlich\",\"description\":\"Psychologie Lisa Fr\u00f6hlich\",\"potentialAction\":[{\"@type\":\"SearchAction\",\"target\":{\"@type\":\"EntryPoint\",\"urlTemplate\":\"https:\/\/www.psychologie-froehlich.at\/?s={search_term_string}\"},\"query-input\":\"required name=search_term_string\"}],\"inLanguage\":\"de\"}]}<\/script>\n<!-- \/ Yoast SEO plugin. -->","yoast_head_json":{"title":"Datenschutzerkl\u00e4rung - Psychologie Lisa Fr\u00f6hlich","robots":{"index":"index","follow":"follow","max-snippet":"max-snippet:-1","max-image-preview":"max-image-preview:large","max-video-preview":"max-video-preview:-1"},"canonical":"https:\/\/www.psychologie-froehlich.at\/?page_id=3","og_locale":"de_DE","og_type":"article","og_title":"Datenschutzerkl\u00e4rung - Psychologie Lisa Fr\u00f6hlich","og_description":"Wer wir sind Die Adresse unserer Website ist: psychologie-froehlich.at Cookie-Richtlinie [&hellip;]","og_url":"https:\/\/www.psychologie-froehlich.at\/?page_id=3","og_site_name":"Psychologie Lisa Fr\u00f6hlich","article_modified_time":"2022-12-12T16:31:21+00:00","twitter_card":"summary_large_image","twitter_misc":{"Gesch\u00e4tzte Lesezeit":"6\u00a0Minuten"},"schema":{"@context":"https:\/\/schema.org","@graph":[{"@type":"WebPage","@id":"https:\/\/www.psychologie-froehlich.at\/?page_id=3","url":"https:\/\/www.psychologie-froehlich.at\/?page_id=3","name":"Datenschutzerkl\u00e4rung - Psychologie Lisa Fr\u00f6hlich","isPartOf":{"@id":"https:\/\/www.psychologie-froehlich.at\/#website"},"datePublished":"2020-01-10T10:36:49+00:00","dateModified":"2022-12-12T16:31:21+00:00","breadcrumb":{"@id":"https:\/\/www.psychologie-froehlich.at\/?page_id=3#breadcrumb"},"inLanguage":"de","potentialAction":[{"@type":"ReadAction","target":["https:\/\/www.psychologie-froehlich.at\/?page_id=3"]}]},{"@type":"BreadcrumbList","@id":"https:\/\/www.psychologie-froehlich.at\/?page_id=3#breadcrumb","itemListElement":[{"@type":"ListItem","position":1,"name":"Startseite","item":"https:\/\/www.psychologie-froehlich.at\/"},{"@type":"ListItem","position":2,"name":"Datenschutzerkl\u00e4rung"}]},{"@type":"WebSite","@id":"https:\/\/www.psychologie-froehlich.at\/#website","url":"https:\/\/www.psychologie-froehlich.at\/","name":"Psychologie Lisa Fr\u00f6hlich","description":"Psychologie Lisa Fr\u00f6hlich","potentialAction":[{"@type":"SearchAction","target":{"@type":"EntryPoint","urlTemplate":"https:\/\/www.psychologie-froehlich.at\/?s={search_term_string}"},"query-input":"required name=search_term_string"}],"inLanguage":"de"}]}},"_links":{"self":[{"href":"https:\/\/www.psychologie-froehlich.at\/index.php?rest_route=\/wp\/v2\/pages\/3"}],"collection":[{"href":"https:\/\/www.psychologie-froehlich.at\/index.php?rest_route=\/wp\/v2\/pages"}],"about":[{"href":"https:\/\/www.psychologie-froehlich.at\/index.php?rest_route=\/wp\/v2\/types\/page"}],"author":[{"embeddable":true,"href":"https:\/\/www.psychologie-froehlich.at\/index.php?rest_route=\/wp\/v2\/users\/1"}],"replies":[{"embeddable":true,"href":"https:\/\/www.psychologie-froehlich.at\/index.php?rest_route=%2Fwp%2Fv2%2Fcomments&post=3"}],"version-history":[{"count":4,"href":"https:\/\/www.psychologie-froehlich.at\/index.php?rest_route=\/wp\/v2\/pages\/3\/revisions"}],"predecessor-version":[{"id":636,"href":"https:\/\/www.psychologie-froehlich.at\/index.php?rest_route=\/wp\/v2\/pages\/3\/revisions\/636"}],"wp:attachment":[{"href":"https:\/\/www.psychologie-froehlich.at\/index.php?rest_route=%2Fwp%2Fv2%2Fmedia&parent=3"}],"curies":[{"name":"wp","href":"https:\/\/api.w.org\/{rel}","templated":true}]}}